{"id":4284,"date":"2023-11-24T17:33:48","date_gmt":"2023-11-24T14:33:48","guid":{"rendered":"https:\/\/mostbetturki.com\/?page_id=4284"},"modified":"2023-11-24T17:42:07","modified_gmt":"2023-11-24T14:42:07","slug":"write-for-us","status":"publish","type":"page","link":"https:\/\/mostbetturki.com\/tr\/write-for-us\/","title":{"rendered":"Konuk Yazar Olun ve Bize Yaz\u0131n"},"content":{"rendered":"<p>Sizi MostbetTurkizz bloguna katk\u0131da bulunmaya ve misafir yaz\u0131lar\u0131n\u0131z\u0131n HVAC sistemleri, i\u00e7 mekan hava kalitesi ve enerji verimlili\u011fi ile ilgilenen y\u00fcksek hedef kitleye ula\u015fmas\u0131n\u0131 sa\u011flamaya davet ediyoruz. Misafir g\u00f6nderisi g\u00f6ndermek i\u00e7in, daha \u00f6nce alakal\u0131 makalelerinizden birine <a href=\"https:\/\/mostbetturki.com\/\">https:\/\/mostbetturki.com\/<\/a> geri ba\u011flant\u0131s\u0131n\u0131 eklemeniz yeterlidir. <a href=\"mailto:info@mostbetturki.com\"><span style=\"font-weight: 400;\">info@mostbetturki.com<\/span><\/a> adresine yeni bir g\u00f6nderi g\u00f6nderin. . MostbetTurkizz i\u00e7in misafir yaz\u0131s\u0131 yazmaya ilgi g\u00f6sterdi\u011finiz i\u00e7in te\u015fekk\u00fcr ederiz. Sizi aram\u0131zda g\u00f6rmekten heyecan duyuyoruz. Bizim i\u00e7in yazmak, uzmanl\u0131\u011f\u0131n\u0131z\u0131 sergilemek ve kendinizi bu alanda uzman olarak kan\u0131tlamak i\u00e7in m\u00fckemmel bir f\u0131rsat sunar. Ayr\u0131ca g\u00f6nderiniz sosyal medya kanallar\u0131m\u0131z ve iyi niyetimiz arac\u0131l\u0131\u011f\u0131yla g\u00f6r\u00fcnt\u00fclenecektir \ud83d\ude42 Y\u00f6nergelerimiz, g\u00f6nderim s\u00fcreci ve kabul etti\u011fimiz i\u00e7erik t\u00fcr\u00fc hakk\u0131nda net a\u00e7\u0131klamalar sa\u011flad\u0131\u011f\u0131 i\u00e7in bu sayfan\u0131n tamam\u0131n\u0131 incelemenizi rica ediyoruz. Konuk G\u00f6nderi Katk\u0131lar\u0131nda Arad\u0131klar\u0131m\u0131z: Blogumuzda yay\u0131nlanma \u015fans\u0131n\u0131z\u0131 art\u0131rmak i\u00e7in l\u00fctfen misafir g\u00f6nderilerinizin a\u015fa\u011f\u0131daki kriterleri kar\u015f\u0131lad\u0131\u011f\u0131ndan emin olun:<\/p>\n<ol>\n<li>Kapsaml\u0131 ve veriye dayal\u0131: Tercihen uygulanabilir ipu\u00e7lar\u0131 ve 1000&#8217;den fazla kelime uzunlu\u011funda, alakal\u0131, iyi ara\u015ft\u0131r\u0131lm\u0131\u015f bir g\u00f6nderi haz\u0131rlay\u0131n.<\/li>\n<li>\u00d6zg\u00fcnl\u00fck: G\u00f6nderiminiz %100 orijinal olmal\u0131 ve daha \u00f6nce ba\u015fka bir yerde yay\u0131nlanmam\u0131\u015f olmal\u0131d\u0131r.<\/li>\n<li>G\u00fcvenilir referanslar: Rakiplerimizden al\u0131nt\u0131 yapmaktan ve alakas\u0131z tan\u0131t\u0131m ba\u011flant\u0131lar\u0131 kullanmaktan ka\u00e7\u0131n\u0131rken, iddialar\u0131n\u0131z\u0131 g\u00fcvenilir ara\u015ft\u0131rma veya \u00f6rnek olay incelemelerine ba\u011flant\u0131larla destekleyin.<\/li>\n<li>G\u00f6rseller: G\u00f6r\u00fc\u015flerinizi etkili bir \u015fekilde a\u00e7\u0131klamak i\u00e7in \u00f6rnekler ve ilgili resimler ekleyin.<\/li>\n<li>Okunabilirlik: Makalenin okunabilirli\u011fini art\u0131rmak i\u00e7in alt ba\u015fl\u0131klar, madde i\u015faretleri ve daha k\u0131sa paragraflar kullan\u0131n.<\/li>\n<\/ol>\n<h3>Ele Ald\u0131\u011f\u0131m\u0131z Konular:<\/h3>\n<p>Hedef kitlemiz \u00e7o\u011funlukla MostbetTurkizz, HVAC profesyonelleri ve a\u015fa\u011f\u0131daki konularda ipu\u00e7lar\u0131, en iyi uygulamalar ve rehberler arayan ki\u015filerden olu\u015fmaktad\u0131r:<\/p>\n<ul>\n<li>HVAC sistemleri (kurulum, bak\u0131m, sorun giderme)<\/li>\n<li>\u0130\u00e7 mekan hava kalitesi<\/li>\n<li>Enerji verimlili\u011fi<\/li>\n<li>S\u00fcrd\u00fcr\u00fclebilir HVAC \u00e7\u00f6z\u00fcmleri<\/li>\n<li>HVAC&#8217;ta ak\u0131ll\u0131 ev teknolojisi<\/li>\n<li>HVAC \u00fcr\u00fcn incelemeleri<\/li>\n<\/ul>\n<h3>Yazman\u0131n Bizim \u0130\u00e7in Faydalar\u0131:<\/h3>\n<p>Blogumuza katk\u0131da bulunarak a\u015fa\u011f\u0131daki avantajlardan yararlanacaks\u0131n\u0131z:<\/p>\n<ol>\n<li>G\u00f6sterim: Blogumuz ayda \u00f6nemli miktarda ziyaret\u00e7i al\u0131yor ve istikrarl\u0131 bir \u015fekilde b\u00fcy\u00fcmeye devam ediyor.<\/li>\n<li>Sosyal Medyada G\u00f6sterim: Facebook, Twitter, LinkedIn ve Pinterest&#8217;te aktif olarak varl\u0131\u011f\u0131m\u0131z\u0131 s\u00fcrd\u00fcr\u00fcyoruz. Daha fazla ilgi g\u00f6rmesi i\u00e7in t\u00fcm makaleleriniz bu a\u011flar \u00fczerinden payla\u015f\u0131lacakt\u0131r.<\/li>\n<\/ol>\n<h3>G\u00f6nderim Y\u00f6nergeleri:<\/h3>\n<p>Makalenizin yay\u0131nlanmak \u00fczere de\u011ferlendirilmesi i\u00e7in i\u00e7erik ekibimizin kalite standartlar\u0131n\u0131 kar\u015f\u0131lamas\u0131 gerekir. Edit\u00f6rlerimiz kendi takdirine ba\u011fl\u0131 olarak katk\u0131lar\u0131 reddetme ve makalenizde k\u00fc\u00e7\u00fck d\u00fczenlemeler yapma hakk\u0131n\u0131 sakl\u0131 tutar. L\u00fctfen \u015fu y\u00f6nergeleri izleyin:<\/p>\n<ol>\n<li>Makale uzunlu\u011fu: G\u00f6nderiminiz 1000&#8217;den fazla kelimeden olu\u015fmal\u0131 ve okuyucular\u0131m\u0131za de\u011ferli bilgiler sunmal\u0131d\u0131r.<\/li>\n<li>Geri ba\u011flant\u0131: \u00d6nceki ilgili makalenize en az bir geri ba\u011flant\u0131 ekleyin.<\/li>\n<li>G\u00f6rseller: Telif hakk\u0131yla uyumlu olduklar\u0131ndan ve uygun \u015fekilde at\u0131fta bulunuldu\u011fundan emin olarak resim ve videolar\u0131n kullan\u0131m\u0131n\u0131 te\u015fvik edin.<\/li>\n<\/ol>\n<h3>Bize Yazarken Dikkat Edilmesi Gerekenler:<\/h3>\n<p>Okurlar\u0131m\u0131za ve HVAC merakl\u0131lar\u0131m\u0131za markalar\u0131n\u0131 olu\u015fturma \u015fans\u0131 sunmak i\u00e7in konuk g\u00f6nderilerini a\u00e7t\u0131k. SEO ajanslar\u0131 yerine ger\u00e7ek ki\u015filerle \u00e7al\u0131\u015fmay\u0131 tercih ediyoruz. Makalenizi g\u00f6ndermeden \u00f6nce bizi biraz daha iyi tan\u0131mak i\u00e7in zaman ay\u0131r\u0131n. Her ay \u00e7ok say\u0131da ba\u015fvuru ald\u0131\u011f\u0131m\u0131z i\u00e7in l\u00fctfen makalenizin yay\u0131n durumuyla ilgili takip e-postalar\u0131 g\u00f6ndermekten ka\u00e7\u0131n\u0131n. Makalenizi se\u00e7ersek bizden haber alacaks\u0131n\u0131z. Sayfam\u0131z uzun ve gereksinimlerimiz kat\u0131 g\u00f6r\u00fcnse de, okuyucular\u0131m\u0131z\u0131n bekledi\u011fi y\u00fcksek kaliteli i\u00e7eri\u011fi korumak i\u00e7in bunlar gereklidir. Sizden ola\u011fan\u00fcst\u00fc makaleler almay\u0131 sab\u0131rs\u0131zl\u0131kla bekliyoruz. G\u00f6nderiminizin do\u011fru oldu\u011funa inan\u0131rsak sonraki ad\u0131mlar\u0131 ve g\u00f6nderinizi yay\u0131nlamak i\u00e7in gereken ek bilgileri g\u00f6r\u00fc\u015fmek \u00fczere sizinle ileti\u015fime ge\u00e7ece\u011fiz.<\/p>","protected":false},"excerpt":{"rendered":"<p>Sizi MostbetTurkizz bloguna katk\u0131da bulunmaya ve misafir yaz\u0131lar\u0131n\u0131z\u0131n HVAC sistemleri, i\u00e7 mekan hava kalitesi ve enerji verimlili\u011fi ile ilgilenen y\u00fcksek hedef kitleye ula\u015fmas\u0131n\u0131 sa\u011flamaya davet ediyoruz. Misafir g\u00f6nderisi g\u00f6ndermek i\u00e7in, daha \u00f6nce alakal\u0131 makalelerinizden birine https:\/\/mostbetturki.com\/ geri ba\u011flant\u0131s\u0131n\u0131 eklemeniz yeterlidir. info@mostbetturki.com adresine yeni bir g\u00f6nderi g\u00f6nderin. . MostbetTurkizz i\u00e7in misafir yaz\u0131s\u0131 yazmaya ilgi g\u00f6sterdi\u011finiz i\u00e7in [&hellip;]<\/p>\n","protected":false},"author":1,"featured_media":0,"parent":0,"menu_order":0,"comment_status":"closed","ping_status":"closed","template":"","meta":{"inline_featured_image":false,"footnotes":""},"class_list":["post-4284","page","type-page","status-publish","hentry"],"acf":[],"yoast_head":"<!-- This site is optimized with the Yoast SEO plugin v20.0 - https:\/\/yoast.com\/wordpress\/plugins\/seo\/ -->\n<title>Konuk Yazar Olun ve Bize Yaz\u0131n - Mostbet-turkish<\/title>\n<meta name=\"robots\" content=\"index, follow, max-snippet:-1, max-image-preview:large, max-video-preview:-1\" \/>\n<meta property=\"og:locale\" content=\"tr_TR\" \/>\n<meta property=\"og:type\" content=\"article\" \/>\n<meta property=\"og:title\" content=\"[:ru]\u0421\u0442\u0430\u043d\u044c\u0442\u0435 \u043f\u0440\u0438\u0433\u043b\u0430\u0448\u0435\u043d\u043d\u044b\u043c \u0430\u0432\u0442\u043e\u0440\u043e\u043c \u0438 \u043f\u0438\u0448\u0438\u0442\u0435 \u0434\u043b\u044f \u043d\u0430\u0441[:en]Become a Guest Author and Write for Us[:kk]\u049a\u043e\u043d\u0430\u049b \u0430\u0432\u0442\u043e\u0440 \u0431\u043e\u043b\u044b\u04a3\u044b\u0437 \u0436\u04d9\u043d\u0435 \u0431\u0456\u0437\u0433\u0435 \u0436\u0430\u0437\u044b\u04a3\u044b\u0437[:pt]Torne-se um autor convidado e escreva para n\u00f3s[:tr]Konuk Yazar Olun ve Bize Yaz\u0131n[:az]Qonaq M\u00fc\u0259llif ol v\u0259 Bizim \u00fc\u00e7\u00fcn Yaz\u0131n[:trk]Konuk Yazar Olun ve Bize Yaz\u0131n[:] - Mostbet-turkish\" \/>\n<meta property=\"og:description\" content=\"Sizi MostbetTurkizz bloguna katk\u0131da bulunmaya ve misafir yaz\u0131lar\u0131n\u0131z\u0131n HVAC sistemleri, i\u00e7 mekan hava kalitesi ve enerji verimlili\u011fi ile ilgilenen y\u00fcksek hedef kitleye ula\u015fmas\u0131n\u0131 sa\u011flamaya davet ediyoruz. Misafir g\u00f6nderisi g\u00f6ndermek i\u00e7in, daha \u00f6nce alakal\u0131 makalelerinizden birine https:\/\/mostbetturki.com\/ geri ba\u011flant\u0131s\u0131n\u0131 eklemeniz yeterlidir. info@mostbetturki.com adresine yeni bir g\u00f6nderi g\u00f6nderin. . MostbetTurkizz i\u00e7in misafir yaz\u0131s\u0131 yazmaya ilgi g\u00f6sterdi\u011finiz i\u00e7in [&hellip;]\" \/>\n<meta property=\"og:url\" content=\"https:\/\/mostbetturki.com\/write-for-us\/\" \/>\n<meta property=\"og:site_name\" content=\"Mostbet-turkish\" \/>\n<meta property=\"article:modified_time\" content=\"2023-11-24T14:42:07+00:00\" \/>\n<meta name=\"twitter:card\" content=\"summary_large_image\" \/>\n<meta name=\"twitter:label1\" content=\"Tahmini okuma s\u00fcresi\" \/>\n\t<meta name=\"twitter:data1\" content=\"18 dakika\" \/>\n<script type=\"application\/ld+json\" class=\"yoast-schema-graph\">{\"@context\":\"https:\/\/schema.org\",\"@graph\":[{\"@type\":\"WebPage\",\"@id\":\"https:\/\/mostbetturki.com\/write-for-us\/\",\"url\":\"https:\/\/mostbetturki.com\/write-for-us\/\",\"name\":\"[:ru]\u0421\u0442\u0430\u043d\u044c\u0442\u0435 \u043f\u0440\u0438\u0433\u043b\u0430\u0448\u0435\u043d\u043d\u044b\u043c \u0430\u0432\u0442\u043e\u0440\u043e\u043c \u0438 \u043f\u0438\u0448\u0438\u0442\u0435 \u0434\u043b\u044f \u043d\u0430\u0441[:en]Become a Guest Author and Write for Us[:kk]\u049a\u043e\u043d\u0430\u049b \u0430\u0432\u0442\u043e\u0440 \u0431\u043e\u043b\u044b\u04a3\u044b\u0437 \u0436\u04d9\u043d\u0435 \u0431\u0456\u0437\u0433\u0435 \u0436\u0430\u0437\u044b\u04a3\u044b\u0437[:pt]Torne-se um autor convidado e escreva para n\u00f3s[:tr]Konuk Yazar Olun ve Bize Yaz\u0131n[:az]Qonaq M\u00fc\u0259llif ol v\u0259 Bizim \u00fc\u00e7\u00fcn Yaz\u0131n[:trk]Konuk Yazar Olun ve Bize Yaz\u0131n[:] - Mostbet-turkish\",\"isPartOf\":{\"@id\":\"https:\/\/mostbetturki.com\/#website\"},\"datePublished\":\"2023-11-24T14:33:48+00:00\",\"dateModified\":\"2023-11-24T14:42:07+00:00\",\"breadcrumb\":{\"@id\":\"https:\/\/mostbetturki.com\/write-for-us\/#breadcrumb\"},\"inLanguage\":\"tr\",\"potentialAction\":[{\"@type\":\"ReadAction\",\"target\":[\"https:\/\/mostbetturki.com\/write-for-us\/\"]}]},{\"@type\":\"BreadcrumbList\",\"@id\":\"https:\/\/mostbetturki.com\/write-for-us\/#breadcrumb\",\"itemListElement\":[{\"@type\":\"ListItem\",\"position\":1,\"name\":\"Anasayfa\",\"item\":\"https:\/\/mostbetturki.com\/\"},{\"@type\":\"ListItem\",\"position\":2,\"name\":\"Konuk Yazar Olun ve Bize Yaz\u0131n\"}]},{\"@type\":\"WebSite\",\"@id\":\"https:\/\/mostbetturki.com\/#website\",\"url\":\"https:\/\/mostbetturki.com\/\",\"name\":\"Mostbet-turkish\",\"description\":\"\",\"potentialAction\":[{\"@type\":\"SearchAction\",\"target\":{\"@type\":\"EntryPoint\",\"urlTemplate\":\"https:\/\/mostbetturki.com\/?s={search_term_string}\"},\"query-input\":\"required name=search_term_string\"}],\"inLanguage\":\"tr\"}]}<\/script>\n<!-- \/ Yoast SEO plugin. -->","yoast_head_json":{"title":"[:ru]\u0421\u0442\u0430\u043d\u044c\u0442\u0435 \u043f\u0440\u0438\u0433\u043b\u0430\u0448\u0435\u043d\u043d\u044b\u043c \u0430\u0432\u0442\u043e\u0440\u043e\u043c \u0438 \u043f\u0438\u0448\u0438\u0442\u0435 \u0434\u043b\u044f \u043d\u0430\u0441[:en]Become a Guest Author and Write for Us[:kk]\u049a\u043e\u043d\u0430\u049b \u0430\u0432\u0442\u043e\u0440 \u0431\u043e\u043b\u044b\u04a3\u044b\u0437 \u0436\u04d9\u043d\u0435 \u0431\u0456\u0437\u0433\u0435 \u0436\u0430\u0437\u044b\u04a3\u044b\u0437[:pt]Torne-se um autor convidado e escreva para n\u00f3s[:tr]Konuk Yazar Olun ve Bize Yaz\u0131n[:az]Qonaq M\u00fc\u0259llif ol v\u0259 Bizim \u00fc\u00e7\u00fcn Yaz\u0131n[:trk]Konuk Yazar Olun ve Bize Yaz\u0131n[:] - Mostbet-turkish","robots":{"index":"index","follow":"follow","max-snippet":"max-snippet:-1","max-image-preview":"max-image-preview:large","max-video-preview":"max-video-preview:-1"},"og_locale":"tr_TR","og_type":"article","og_title":"[:ru]\u0421\u0442\u0430\u043d\u044c\u0442\u0435 \u043f\u0440\u0438\u0433\u043b\u0430\u0448\u0435\u043d\u043d\u044b\u043c \u0430\u0432\u0442\u043e\u0440\u043e\u043c \u0438 \u043f\u0438\u0448\u0438\u0442\u0435 \u0434\u043b\u044f \u043d\u0430\u0441[:en]Become a Guest Author and Write for Us[:kk]\u049a\u043e\u043d\u0430\u049b \u0430\u0432\u0442\u043e\u0440 \u0431\u043e\u043b\u044b\u04a3\u044b\u0437 \u0436\u04d9\u043d\u0435 \u0431\u0456\u0437\u0433\u0435 \u0436\u0430\u0437\u044b\u04a3\u044b\u0437[:pt]Torne-se um autor convidado e escreva para n\u00f3s[:tr]Konuk Yazar Olun ve Bize Yaz\u0131n[:az]Qonaq M\u00fc\u0259llif ol v\u0259 Bizim \u00fc\u00e7\u00fcn Yaz\u0131n[:trk]Konuk Yazar Olun ve Bize Yaz\u0131n[:] - Mostbet-turkish","og_description":"Sizi MostbetTurkizz bloguna katk\u0131da bulunmaya ve misafir yaz\u0131lar\u0131n\u0131z\u0131n HVAC sistemleri, i\u00e7 mekan hava kalitesi ve enerji verimlili\u011fi ile ilgilenen y\u00fcksek hedef kitleye ula\u015fmas\u0131n\u0131 sa\u011flamaya davet ediyoruz. Misafir g\u00f6nderisi g\u00f6ndermek i\u00e7in, daha \u00f6nce alakal\u0131 makalelerinizden birine https:\/\/mostbetturki.com\/ geri ba\u011flant\u0131s\u0131n\u0131 eklemeniz yeterlidir. info@mostbetturki.com adresine yeni bir g\u00f6nderi g\u00f6nderin. . MostbetTurkizz i\u00e7in misafir yaz\u0131s\u0131 yazmaya ilgi g\u00f6sterdi\u011finiz i\u00e7in [&hellip;]","og_url":"https:\/\/mostbetturki.com\/write-for-us\/","og_site_name":"Mostbet-turkish","article_modified_time":"2023-11-24T14:42:07+00:00","twitter_card":"summary_large_image","twitter_misc":{"Tahmini okuma s\u00fcresi":"18 dakika"},"schema":{"@context":"https:\/\/schema.org","@graph":[{"@type":"WebPage","@id":"https:\/\/mostbetturki.com\/write-for-us\/","url":"https:\/\/mostbetturki.com\/write-for-us\/","name":"[:ru]\u0421\u0442\u0430\u043d\u044c\u0442\u0435 \u043f\u0440\u0438\u0433\u043b\u0430\u0448\u0435\u043d\u043d\u044b\u043c \u0430\u0432\u0442\u043e\u0440\u043e\u043c \u0438 \u043f\u0438\u0448\u0438\u0442\u0435 \u0434\u043b\u044f \u043d\u0430\u0441[:en]Become a Guest Author and Write for Us[:kk]\u049a\u043e\u043d\u0430\u049b \u0430\u0432\u0442\u043e\u0440 \u0431\u043e\u043b\u044b\u04a3\u044b\u0437 \u0436\u04d9\u043d\u0435 \u0431\u0456\u0437\u0433\u0435 \u0436\u0430\u0437\u044b\u04a3\u044b\u0437[:pt]Torne-se um autor convidado e escreva para n\u00f3s[:tr]Konuk Yazar Olun ve Bize Yaz\u0131n[:az]Qonaq M\u00fc\u0259llif ol v\u0259 Bizim \u00fc\u00e7\u00fcn Yaz\u0131n[:trk]Konuk Yazar Olun ve Bize Yaz\u0131n[:] - Mostbet-turkish","isPartOf":{"@id":"https:\/\/mostbetturki.com\/#website"},"datePublished":"2023-11-24T14:33:48+00:00","dateModified":"2023-11-24T14:42:07+00:00","breadcrumb":{"@id":"https:\/\/mostbetturki.com\/write-for-us\/#breadcrumb"},"inLanguage":"tr","potentialAction":[{"@type":"ReadAction","target":["https:\/\/mostbetturki.com\/write-for-us\/"]}]},{"@type":"BreadcrumbList","@id":"https:\/\/mostbetturki.com\/write-for-us\/#breadcrumb","itemListElement":[{"@type":"ListItem","position":1,"name":"Anasayfa","item":"https:\/\/mostbetturki.com\/"},{"@type":"ListItem","position":2,"name":"Konuk Yazar Olun ve Bize Yaz\u0131n"}]},{"@type":"WebSite","@id":"https:\/\/mostbetturki.com\/#website","url":"https:\/\/mostbetturki.com\/","name":"Mostbet-turkish","description":"","potentialAction":[{"@type":"SearchAction","target":{"@type":"EntryPoint","urlTemplate":"https:\/\/mostbetturki.com\/?s={search_term_string}"},"query-input":"required name=search_term_string"}],"inLanguage":"tr"}]}},"_links":{"self":[{"href":"https:\/\/mostbetturki.com\/tr\/wp-json\/wp\/v2\/pages\/4284","targetHints":{"allow":["GET"]}}],"collection":[{"href":"https:\/\/mostbetturki.com\/tr\/wp-json\/wp\/v2\/pages"}],"about":[{"href":"https:\/\/mostbetturki.com\/tr\/wp-json\/wp\/v2\/types\/page"}],"author":[{"embeddable":true,"href":"https:\/\/mostbetturki.com\/tr\/wp-json\/wp\/v2\/users\/1"}],"replies":[{"embeddable":true,"href":"https:\/\/mostbetturki.com\/tr\/wp-json\/wp\/v2\/comments?post=4284"}],"version-history":[{"count":5,"href":"https:\/\/mostbetturki.com\/tr\/wp-json\/wp\/v2\/pages\/4284\/revisions"}],"predecessor-version":[{"id":4293,"href":"https:\/\/mostbetturki.com\/tr\/wp-json\/wp\/v2\/pages\/4284\/revisions\/4293"}],"wp:attachment":[{"href":"https:\/\/mostbetturki.com\/tr\/wp-json\/wp\/v2\/media?parent=4284"}],"curies":[{"name":"wp","href":"https:\/\/api.w.org\/{rel}","templated":true}]}}