{"id":4194,"date":"2023-02-09T04:27:41","date_gmt":"2023-02-09T01:27:41","guid":{"rendered":"https:\/\/mostbet-turkish.com\/?page_id=4194"},"modified":"2024-11-04T19:58:57","modified_gmt":"2024-11-04T16:58:57","slug":"contacts","status":"publish","type":"page","link":"https:\/\/mostbetturki.com\/tr\/contacts\/","title":{"rendered":"Bizimle ileti\u015fime ge\u00e7mek i\u00e7in ileti\u015fim formunu kullan\u0131n"},"content":{"rendered":"<p><\/p>\n<div style=\"max-width:1440px; margin:0 auto\">\n<div style=\"display: flex; flex-wrap: sarma; justify-content: center; align-items: center;\">\n<div style=\"text-align: center; margin-right: 15px\">\n<p><?xml version=\"1.0\" ?><!DOCTYPE svg  PUBLIC '-\/\/W3C\/\/DTD SVG 1.1\/\/EN'  'http:\/\/www.w3.org\/Graphics\/SVG\/1.1\/DTD\/svg11.dtd'><svg fill=\"#000000\" width=\"150px\" height=\"150px\" viewBox=\"0 0 32 32\" style=\"fill-rule:evenodd;clip-rule:evenodd;stroke-linejoin:round;stroke-miterlimit:2;\" version=\"1.1\" xml:space=\"preserve\" xmlns=\"http:\/\/www.w3.org\/2000\/svg\" xmlns:serif=\"http:\/\/www.serif.com\/\" xmlns:xlink=\"http:\/\/www.w3.org\/1999\/xlink\"><g transform=\"matrix(1,0,0,1,-384,0)\"><g transform=\"matrix(1.03846,0,0,1.03846,33.9615,-0.115385)\"><path d=\"M341.801,21.963C340.658,20.076 340,17.864 340,15.5C340,8.601 345.601,3 352.5,3C359.399,3 365,8.601 365,15.5C365,22.399 359.399,28 352.5,28C350.676,28 348.943,27.608 347.38,26.905L340,28L341.801,21.963Z\" style=\"fill:rgb(144,224,239);\"\/><\/g><path d=\"M387.826,22.822L386.08,28.676C385.982,29.003 386.059,29.358 386.283,29.616C386.507,29.875 386.847,30.001 387.185,29.951L394.565,28.856C396.24,29.567 398.084,29.962 400.019,29.962C407.735,29.962 414,23.697 414,15.981C414,8.265 407.735,2 400.019,2C392.303,2 386.038,8.265 386.038,15.981C386.038,18.465 386.688,20.799 387.826,22.822ZM389.867,22.978C389.947,22.708 389.91,22.416 389.764,22.174C388.669,20.366 388.038,18.246 388.038,15.981C388.038,9.368 393.407,4 400.019,4C406.632,4 412,9.368 412,15.981C412,22.593 406.632,27.962 400.019,27.962C398.271,27.962 396.61,27.587 395.113,26.913C394.938,26.834 394.745,26.807 394.555,26.835L388.446,27.742C388.446,27.742 389.867,22.978 389.867,22.978ZM393,20L401,20C401.552,20 402,19.552 402,19C402,18.448 401.552,18 401,18L393,18C392.448,18 392,18.448 392,19C392,19.552 392.448,20 393,20ZM393,14L407,14C407.552,14 408,13.552 408,13C408,12.448 407.552,12 407,12L393,12C392.448,12 392,12.448 392,13C392,13.552 392.448,14 393,14Z\" style=\"fill:rgb(25,144,167);\"\/><\/g><\/svg><\/p>\n<h2 style=\"text-align: center;\">Bize ula\u015f\u0131n<\/h2>\n<p style=\"text-align: center;\">Geri bildirim formunu kullan\u0131n<\/p>\n<p><a class=\"form-button\" style=\"text-align: center; Cursor:pointer\">Bize yaz\u0131n<\/a><\/p>\n<\/div>\n<div style=\"text-align: center; margin-top: -32px; padding:12px;\">\n<p><?xml version=\"1.0\" encoding=\"utf-8\"?><br \/>\n<svg fill=\"#000000\" width=\"150px\" height=\"150px\" viewBox=\"0 0 24 24\" id=\"mail\" data-name=\"Flat Line\" xmlns=\"http:\/\/www.w3.org\/2000\/svg\" class=\"icon flat-line\"><path id=\"secondary\" d=\"M21,6V8l-9,5L3,8V6A1,1,0,0,1,4,5H20A1,1,0,0,1,21,6Z\" style=\"fill: rgb(44, 169, 188); stroke-width: 2;\"><\/path><path id=\"primary\" d=\"M20,19H4a1,1,0,0,1-1-1V6A1,1,0,0,1,4,5H20a1,1,0,0,1,1,1V18A1,1,0,0,1,20,19ZM20,5H4A1,1,0,0,0,3,6V8l9,5,9-5V6A1,1,0,0,0,20,5Z\" style=\"fill: none; stroke: rgb(0, 0, 0); stroke-linecap: round; stroke-linejoin: round; stroke-width: 2;\"><\/path><\/svg><\/p>\n<h2 style=\"text-align: center;\">Bize yaz\u0131n<\/h2>\n<p style=\"text-align: center;\">Her t\u00fcrl\u00fc fikir ve \u00f6neriye a\u00e7\u0131\u011f\u0131z<\/p>\n<p><a style=\"text-align: center;\" href=\"mailto:mostbetturki.com\">mostbetturki.com<\/a><\/p>\n<\/div>\n<\/div>\n<div class = \"contact__form\" style = \"display: none;\">\n<div class=\"wpcf7 no-js\" id=\"wpcf7-f1102-o5\" lang=\"ru-RU\" dir=\"ltr\">\n<div class=\"screen-reader-response\"><p role=\"status\" aria-live=\"polite\" aria-atomic=\"true\"><\/p> <ul><\/ul><\/div>\n<form action=\"\/tr\/wp-json\/wp\/v2\/pages\/4194#wpcf7-f1102-o5\" method=\"post\" class=\"wpcf7-form init\" aria-label=\"\u041a\u043e\u043d\u0442\u0430\u043a\u0442\u043d\u0430\u044f \u0444\u043e\u0440\u043c\u0430\" novalidate=\"novalidate\" data-status=\"init\">\n<div style=\"display: none;\">\n<input type=\"hidden\" name=\"_wpcf7\" value=\"1102\" \/>\n<input type=\"hidden\" name=\"_wpcf7_version\" value=\"5.7.3\" \/>\n<input type=\"hidden\" name=\"_wpcf7_locale\" value=\"ru_RU\" \/>\n<input type=\"hidden\" name=\"_wpcf7_unit_tag\" value=\"wpcf7-f1102-o5\" \/>\n<input type=\"hidden\" name=\"_wpcf7_container_post\" value=\"0\" \/>\n<input type=\"hidden\" name=\"_wpcf7_posted_data_hash\" value=\"\" \/>\n<\/div>\n<style>\ninput#PhoneJA,\ntextarea#TextareaJA {\u00a0\n\n}\ninput.wpcf7-form-control {\n min-width: 100%;\n min-height: 45px;\n margin-bottom: 15px;\n}\n<\/style>\n<p><span class=\"wpcf7-form-control-wrap\" data-name=\"text-59\"><input size=\"40\" class=\"wpcf7-form-control wpcf7-text wpcf7-validates-as-required\" aria-required=\"true\" aria-invalid=\"false\" placeholder=\"Ad\u0131n\u0131z. *\" value=\"\" type=\"text\" name=\"text-59\" \/><\/span><br \/>\n<span class=\"wpcf7-form-control-wrap\" data-name=\"Email\"><input size=\"40\" class=\"wpcf7-form-control wpcf7-text wpcf7-email wpcf7-validates-as-required wpcf7-validates-as-email Email\" id=\"Email\" aria-required=\"true\" aria-invalid=\"false\" placeholder=\"Email.\" value=\"\" type=\"email\" name=\"Email\" \/><\/span><br \/>\n<span class=\"wpcf7-form-control-wrap\" data-name=\"tel-116\"><input size=\"40\" class=\"wpcf7-form-control wpcf7-text wpcf7-tel wpcf7-validates-as-tel PhoneJA\" id=\"PhoneJA\" aria-invalid=\"false\" placeholder=\"Telefon.\" value=\"\" type=\"tel\" name=\"tel-116\" \/><\/span><br \/>\n<span class=\"wpcf7-form-control-wrap\" data-name=\"textarea-102\"><textarea cols=\"40\" rows=\"10\" class=\"wpcf7-form-control wpcf7-textarea TextareaJA\" id=\"TextareaJA\" aria-invalid=\"false\" placeholder=\"\u0130leti. *\" name=\"textarea-102\"><\/textarea><\/span>\n<\/p>\n<p>\"G\u00f6ndermek\" d\u00fc\u011fmesini t\u0131klayarak <a href=\"#\">Gizlilik Politikam\u0131z\u0131<\/a> kabul etmi\u015f olursunuz.\n<\/p>\n<p><input class=\"wpcf7-form-control has-spinner wpcf7-submit\" type=\"submit\" value=\"G\u00f6ndermek\" \/>\n<\/p><div class=\"wpcf7-response-output\" aria-hidden=\"true\"><\/div>\n<\/form>\n<\/div>\n<\/div>\n<\/div>\n<p><script>\n    const formButton = document.querySelector('.form-button');\n    const form = document.querySelector('.contact__form');\n    formButton.addEventListener('click', ()=>{\n    form.style.display = \"block\";\n    })\n<\/script><\/p>","protected":false},"excerpt":{"rendered":"<p>Bize ula\u015f\u0131n Geri bildirim formunu kullan\u0131n Bize yaz\u0131n Bize yaz\u0131n Her t\u00fcrl\u00fc fikir ve \u00f6neriye a\u00e7\u0131\u011f\u0131z mostbetturki.com<\/p>\n","protected":false},"author":1,"featured_media":0,"parent":0,"menu_order":0,"comment_status":"closed","ping_status":"closed","template":"","meta":{"inline_featured_image":false,"footnotes":""},"class_list":["post-4194","page","type-page","status-publish","hentry"],"acf":[],"yoast_head":"<!-- This site is optimized with the Yoast SEO plugin v20.0 - https:\/\/yoast.com\/wordpress\/plugins\/seo\/ -->\n<title>Bizimle ileti\u015fime ge\u00e7mek i\u00e7in ileti\u015fim formunu kullan\u0131n - Mostbet-turkish<\/title>\n<meta name=\"robots\" content=\"index, follow, max-snippet:-1, max-image-preview:large, max-video-preview:-1\" \/>\n<meta property=\"og:locale\" content=\"tr_TR\" \/>\n<meta property=\"og:type\" content=\"article\" \/>\n<meta property=\"og:title\" content=\"[:ru]\u0412\u043e\u0441\u043f\u043e\u043b\u044c\u0437\u0443\u0439\u0442\u0435\u0441\u044c \u0444\u043e\u0440\u043c\u043e\u0439 \u043a\u043e\u043d\u0442\u0430\u043a\u0442\u043e\u0432 \u0434\u043b\u044f \u0441\u0432\u044f\u0437\u0438 \u0441 \u043d\u0430\u043c\u0438[:en]Contact us[:kk]\u0411\u0456\u0437\u0431\u0435\u043d \u0431\u0430\u0439\u043b\u0430\u043d\u044b\u0441\u0443 \u04af\u0448\u0456\u043d \u0431\u0430\u0439\u043b\u0430\u043d\u044b\u0441 \u0444\u043e\u0440\u043c\u0430\u0441\u044b\u043d \u043f\u0430\u0439\u0434\u0430\u043b\u0430\u043d\u044b\u04a3\u044b\u0437[:pt]Use o formul\u00e1rio de contato para entrar em contato conosco[:tr]Bizimle ileti\u015fime ge\u00e7mek i\u00e7in ileti\u015fim formunu kullan\u0131n[:az]Biziml\u0259 \u0259laq\u0259 saxlamaq \u00fc\u00e7\u00fcn \u0259laq\u0259 formas\u0131ndan istifad\u0259 edin[:] - Mostbet-turkish\" \/>\n<meta property=\"og:description\" content=\"Bize ula\u015f\u0131n Geri bildirim formunu kullan\u0131n Bize yaz\u0131n Bize yaz\u0131n Her t\u00fcrl\u00fc fikir ve \u00f6neriye a\u00e7\u0131\u011f\u0131z mostbetturki.com\" \/>\n<meta property=\"og:url\" content=\"https:\/\/mostbetturki.com\/contacts\/\" \/>\n<meta property=\"og:site_name\" content=\"Mostbet-turkish\" \/>\n<meta property=\"article:modified_time\" content=\"2024-11-04T16:58:57+00:00\" \/>\n<meta name=\"twitter:card\" content=\"summary_large_image\" \/>\n<meta name=\"twitter:label1\" content=\"Tahmini okuma s\u00fcresi\" \/>\n\t<meta name=\"twitter:data1\" content=\"1 dakika\" \/>\n<script type=\"application\/ld+json\" class=\"yoast-schema-graph\">{\"@context\":\"https:\/\/schema.org\",\"@graph\":[{\"@type\":\"WebPage\",\"@id\":\"https:\/\/mostbetturki.com\/contacts\/\",\"url\":\"https:\/\/mostbetturki.com\/contacts\/\",\"name\":\"[:ru]\u0412\u043e\u0441\u043f\u043e\u043b\u044c\u0437\u0443\u0439\u0442\u0435\u0441\u044c \u0444\u043e\u0440\u043c\u043e\u0439 \u043a\u043e\u043d\u0442\u0430\u043a\u0442\u043e\u0432 \u0434\u043b\u044f \u0441\u0432\u044f\u0437\u0438 \u0441 \u043d\u0430\u043c\u0438[:en]Contact us[:kk]\u0411\u0456\u0437\u0431\u0435\u043d \u0431\u0430\u0439\u043b\u0430\u043d\u044b\u0441\u0443 \u04af\u0448\u0456\u043d \u0431\u0430\u0439\u043b\u0430\u043d\u044b\u0441 \u0444\u043e\u0440\u043c\u0430\u0441\u044b\u043d \u043f\u0430\u0439\u0434\u0430\u043b\u0430\u043d\u044b\u04a3\u044b\u0437[:pt]Use o formul\u00e1rio de contato para entrar em contato conosco[:tr]Bizimle ileti\u015fime ge\u00e7mek i\u00e7in ileti\u015fim formunu kullan\u0131n[:az]Biziml\u0259 \u0259laq\u0259 saxlamaq \u00fc\u00e7\u00fcn \u0259laq\u0259 formas\u0131ndan istifad\u0259 edin[:] - Mostbet-turkish\",\"isPartOf\":{\"@id\":\"https:\/\/mostbetturki.com\/#website\"},\"datePublished\":\"2023-02-09T01:27:41+00:00\",\"dateModified\":\"2024-11-04T16:58:57+00:00\",\"breadcrumb\":{\"@id\":\"https:\/\/mostbetturki.com\/contacts\/#breadcrumb\"},\"inLanguage\":\"tr\",\"potentialAction\":[{\"@type\":\"ReadAction\",\"target\":[\"https:\/\/mostbetturki.com\/contacts\/\"]}]},{\"@type\":\"BreadcrumbList\",\"@id\":\"https:\/\/mostbetturki.com\/contacts\/#breadcrumb\",\"itemListElement\":[{\"@type\":\"ListItem\",\"position\":1,\"name\":\"Anasayfa\",\"item\":\"https:\/\/mostbetturki.com\/\"},{\"@type\":\"ListItem\",\"position\":2,\"name\":\"\u0412\u043e\u0441\u043f\u043e\u043b\u044c\u0437\u0443\u0439\u0442\u0435\u0441\u044c \u0444\u043e\u0440\u043c\u043e\u0439 \u043a\u043e\u043d\u0442\u0430\u043a\u0442\u043e\u0432 \u0434\u043b\u044f \u0441\u0432\u044f\u0437\u0438 \u0441 \u043d\u0430\u043c\u0438\"}]},{\"@type\":\"WebSite\",\"@id\":\"https:\/\/mostbetturki.com\/#website\",\"url\":\"https:\/\/mostbetturki.com\/\",\"name\":\"Mostbet-turkish\",\"description\":\"\",\"potentialAction\":[{\"@type\":\"SearchAction\",\"target\":{\"@type\":\"EntryPoint\",\"urlTemplate\":\"https:\/\/mostbetturki.com\/?s={search_term_string}\"},\"query-input\":\"required name=search_term_string\"}],\"inLanguage\":\"tr\"}]}<\/script>\n<!-- \/ Yoast SEO plugin. -->","yoast_head_json":{"title":"[:ru]\u0412\u043e\u0441\u043f\u043e\u043b\u044c\u0437\u0443\u0439\u0442\u0435\u0441\u044c \u0444\u043e\u0440\u043c\u043e\u0439 \u043a\u043e\u043d\u0442\u0430\u043a\u0442\u043e\u0432 \u0434\u043b\u044f \u0441\u0432\u044f\u0437\u0438 \u0441 \u043d\u0430\u043c\u0438[:en]Contact us[:kk]\u0411\u0456\u0437\u0431\u0435\u043d \u0431\u0430\u0439\u043b\u0430\u043d\u044b\u0441\u0443 \u04af\u0448\u0456\u043d \u0431\u0430\u0439\u043b\u0430\u043d\u044b\u0441 \u0444\u043e\u0440\u043c\u0430\u0441\u044b\u043d \u043f\u0430\u0439\u0434\u0430\u043b\u0430\u043d\u044b\u04a3\u044b\u0437[:pt]Use o formul\u00e1rio de contato para entrar em contato conosco[:tr]Bizimle ileti\u015fime ge\u00e7mek i\u00e7in ileti\u015fim formunu kullan\u0131n[:az]Biziml\u0259 \u0259laq\u0259 saxlamaq \u00fc\u00e7\u00fcn \u0259laq\u0259 formas\u0131ndan istifad\u0259 edin[:] - Mostbet-turkish","robots":{"index":"index","follow":"follow","max-snippet":"max-snippet:-1","max-image-preview":"max-image-preview:large","max-video-preview":"max-video-preview:-1"},"og_locale":"tr_TR","og_type":"article","og_title":"[:ru]\u0412\u043e\u0441\u043f\u043e\u043b\u044c\u0437\u0443\u0439\u0442\u0435\u0441\u044c \u0444\u043e\u0440\u043c\u043e\u0439 \u043a\u043e\u043d\u0442\u0430\u043a\u0442\u043e\u0432 \u0434\u043b\u044f \u0441\u0432\u044f\u0437\u0438 \u0441 \u043d\u0430\u043c\u0438[:en]Contact us[:kk]\u0411\u0456\u0437\u0431\u0435\u043d \u0431\u0430\u0439\u043b\u0430\u043d\u044b\u0441\u0443 \u04af\u0448\u0456\u043d \u0431\u0430\u0439\u043b\u0430\u043d\u044b\u0441 \u0444\u043e\u0440\u043c\u0430\u0441\u044b\u043d \u043f\u0430\u0439\u0434\u0430\u043b\u0430\u043d\u044b\u04a3\u044b\u0437[:pt]Use o formul\u00e1rio de contato para entrar em contato conosco[:tr]Bizimle ileti\u015fime ge\u00e7mek i\u00e7in ileti\u015fim formunu kullan\u0131n[:az]Biziml\u0259 \u0259laq\u0259 saxlamaq \u00fc\u00e7\u00fcn \u0259laq\u0259 formas\u0131ndan istifad\u0259 edin[:] - Mostbet-turkish","og_description":"Bize ula\u015f\u0131n Geri bildirim formunu kullan\u0131n Bize yaz\u0131n Bize yaz\u0131n Her t\u00fcrl\u00fc fikir ve \u00f6neriye a\u00e7\u0131\u011f\u0131z mostbetturki.com","og_url":"https:\/\/mostbetturki.com\/contacts\/","og_site_name":"Mostbet-turkish","article_modified_time":"2024-11-04T16:58:57+00:00","twitter_card":"summary_large_image","twitter_misc":{"Tahmini okuma s\u00fcresi":"1 dakika"},"schema":{"@context":"https:\/\/schema.org","@graph":[{"@type":"WebPage","@id":"https:\/\/mostbetturki.com\/contacts\/","url":"https:\/\/mostbetturki.com\/contacts\/","name":"[:ru]\u0412\u043e\u0441\u043f\u043e\u043b\u044c\u0437\u0443\u0439\u0442\u0435\u0441\u044c \u0444\u043e\u0440\u043c\u043e\u0439 \u043a\u043e\u043d\u0442\u0430\u043a\u0442\u043e\u0432 \u0434\u043b\u044f \u0441\u0432\u044f\u0437\u0438 \u0441 \u043d\u0430\u043c\u0438[:en]Contact us[:kk]\u0411\u0456\u0437\u0431\u0435\u043d \u0431\u0430\u0439\u043b\u0430\u043d\u044b\u0441\u0443 \u04af\u0448\u0456\u043d \u0431\u0430\u0439\u043b\u0430\u043d\u044b\u0441 \u0444\u043e\u0440\u043c\u0430\u0441\u044b\u043d \u043f\u0430\u0439\u0434\u0430\u043b\u0430\u043d\u044b\u04a3\u044b\u0437[:pt]Use o formul\u00e1rio de contato para entrar em contato conosco[:tr]Bizimle ileti\u015fime ge\u00e7mek i\u00e7in ileti\u015fim formunu kullan\u0131n[:az]Biziml\u0259 \u0259laq\u0259 saxlamaq \u00fc\u00e7\u00fcn \u0259laq\u0259 formas\u0131ndan istifad\u0259 edin[:] - Mostbet-turkish","isPartOf":{"@id":"https:\/\/mostbetturki.com\/#website"},"datePublished":"2023-02-09T01:27:41+00:00","dateModified":"2024-11-04T16:58:57+00:00","breadcrumb":{"@id":"https:\/\/mostbetturki.com\/contacts\/#breadcrumb"},"inLanguage":"tr","potentialAction":[{"@type":"ReadAction","target":["https:\/\/mostbetturki.com\/contacts\/"]}]},{"@type":"BreadcrumbList","@id":"https:\/\/mostbetturki.com\/contacts\/#breadcrumb","itemListElement":[{"@type":"ListItem","position":1,"name":"Anasayfa","item":"https:\/\/mostbetturki.com\/"},{"@type":"ListItem","position":2,"name":"\u0412\u043e\u0441\u043f\u043e\u043b\u044c\u0437\u0443\u0439\u0442\u0435\u0441\u044c \u0444\u043e\u0440\u043c\u043e\u0439 \u043a\u043e\u043d\u0442\u0430\u043a\u0442\u043e\u0432 \u0434\u043b\u044f \u0441\u0432\u044f\u0437\u0438 \u0441 \u043d\u0430\u043c\u0438"}]},{"@type":"WebSite","@id":"https:\/\/mostbetturki.com\/#website","url":"https:\/\/mostbetturki.com\/","name":"Mostbet-turkish","description":"","potentialAction":[{"@type":"SearchAction","target":{"@type":"EntryPoint","urlTemplate":"https:\/\/mostbetturki.com\/?s={search_term_string}"},"query-input":"required name=search_term_string"}],"inLanguage":"tr"}]}},"_links":{"self":[{"href":"https:\/\/mostbetturki.com\/tr\/wp-json\/wp\/v2\/pages\/4194","targetHints":{"allow":["GET"]}}],"collection":[{"href":"https:\/\/mostbetturki.com\/tr\/wp-json\/wp\/v2\/pages"}],"about":[{"href":"https:\/\/mostbetturki.com\/tr\/wp-json\/wp\/v2\/types\/page"}],"author":[{"embeddable":true,"href":"https:\/\/mostbetturki.com\/tr\/wp-json\/wp\/v2\/users\/1"}],"replies":[{"embeddable":true,"href":"https:\/\/mostbetturki.com\/tr\/wp-json\/wp\/v2\/comments?post=4194"}],"version-history":[{"count":55,"href":"https:\/\/mostbetturki.com\/tr\/wp-json\/wp\/v2\/pages\/4194\/revisions"}],"predecessor-version":[{"id":4403,"href":"https:\/\/mostbetturki.com\/tr\/wp-json\/wp\/v2\/pages\/4194\/revisions\/4403"}],"wp:attachment":[{"href":"https:\/\/mostbetturki.com\/tr\/wp-json\/wp\/v2\/media?parent=4194"}],"curies":[{"name":"wp","href":"https:\/\/api.w.org\/{rel}","templated":true}]}}