{"id":10,"date":"2023-02-05T17:36:50","date_gmt":"2023-02-05T14:36:50","guid":{"rendered":"http:\/\/mostbet-turkish.com\/?page_id=10"},"modified":"2025-05-19T09:53:18","modified_gmt":"2025-05-19T06:53:18","slug":"glavnaya-stranicza","status":"publish","type":"page","link":"https:\/\/mostbetturki.com\/tr\/","title":{"rendered":"Ana sayfa"},"content":{"rendered":"","protected":false},"excerpt":{"rendered":"","protected":false},"author":1,"featured_media":0,"parent":0,"menu_order":0,"comment_status":"open","ping_status":"closed","template":"page-main.php","meta":{"inline_featured_image":false,"footnotes":""},"class_list":["post-10","page","type-page","status-publish","hentry"],"acf":[],"yoast_head":"<!-- This site is optimized with the Yoast SEO plugin v20.0 - https:\/\/yoast.com\/wordpress\/plugins\/seo\/ -->\n<title>Mostbet Turkish - Online Sports Betting and Casino<\/title>\n<meta name=\"robots\" content=\"index, follow, max-snippet:-1, max-image-preview:large, max-video-preview:-1\" \/>\n<meta property=\"og:locale\" content=\"tr_TR\" \/>\n<meta property=\"og:type\" content=\"article\" \/>\n<meta property=\"og:title\" content=\"[:ru]\u041e\u0431\u0437\u043e\u0440 iGaming \u043f\u043b\u0430\u0442\u0444\u043e\u0440\u043c\u044b Mostbet \u2013 \u0411\u041a, \u043e\u043d\u043b\u0430\u0439\u043d \u043a\u0430\u0437\u0438\u043d\u043e \u0438 Live \u043a\u0430\u0437\u0438\u043d\u043e[:en]Mostbet BD Login (Mostbet Bangladesh Review) \u2013 Online Casino and Betting Platform[:kk]Mostbet iGaming \u043f\u043b\u0430\u0442\u0444\u043e\u0440\u043c\u0430\u0441\u044b\u043d\u0430 \u0448\u043e\u043b\u0443 - \u0431\u0443\u043a\u043c\u0435\u043a\u0435\u0440\u043b\u0456\u043a \u043a\u0435\u04a3\u0441\u0435, \u043e\u043d\u043b\u0430\u0439\u043d \u043a\u0430\u0437\u0438\u043d\u043e \u0436\u04d9\u043d\u0435 Live \u043a\u0430\u0437\u0438\u043d\u043e[:pt]An\u00e1lise da plataforma Mostbet iGaming - casa de apostas, cassino online e cassino ao vivo[:tr]Mostbet Turkish - Online Sports Betting and Casino[:az]Mostbet iGaming platformas\u0131n\u0131n icmal\u0131 - bukmeker, onlayn kazino v\u0259 Canl\u0131 kazino[:trk]Mostbet Giri\u015f | Mostbet T\u00fcrkiye G\u00fcncel Giri\u015f Adresi\" \/>\n<meta property=\"og:url\" content=\"https:\/\/mostbetturki.com\/\" \/>\n<meta property=\"og:site_name\" content=\"Mostbet-turkish\" \/>\n<meta property=\"article:modified_time\" content=\"2025-05-19T06:53:18+00:00\" \/>\n<meta name=\"twitter:card\" content=\"summary_large_image\" \/>\n<script type=\"application\/ld+json\" class=\"yoast-schema-graph\">{\"@context\":\"https:\/\/schema.org\",\"@graph\":[{\"@type\":\"WebPage\",\"@id\":\"https:\/\/mostbetturki.com\/\",\"url\":\"https:\/\/mostbetturki.com\/\",\"name\":\"[:ru]\u041e\u0431\u0437\u043e\u0440 iGaming \u043f\u043b\u0430\u0442\u0444\u043e\u0440\u043c\u044b Mostbet \u2013 \u0411\u041a, \u043e\u043d\u043b\u0430\u0439\u043d \u043a\u0430\u0437\u0438\u043d\u043e \u0438 Live \u043a\u0430\u0437\u0438\u043d\u043e[:en]Mostbet BD Login (Mostbet Bangladesh Review) \u2013 Online Casino and Betting Platform[:kk]Mostbet iGaming \u043f\u043b\u0430\u0442\u0444\u043e\u0440\u043c\u0430\u0441\u044b\u043d\u0430 \u0448\u043e\u043b\u0443 - \u0431\u0443\u043a\u043c\u0435\u043a\u0435\u0440\u043b\u0456\u043a \u043a\u0435\u04a3\u0441\u0435, \u043e\u043d\u043b\u0430\u0439\u043d \u043a\u0430\u0437\u0438\u043d\u043e \u0436\u04d9\u043d\u0435 Live \u043a\u0430\u0437\u0438\u043d\u043e[:pt]An\u00e1lise da plataforma Mostbet iGaming - casa de apostas, cassino online e cassino ao vivo[:tr]Mostbet Turkish - Online Sports Betting and Casino[:az]Mostbet iGaming platformas\u0131n\u0131n icmal\u0131 - bukmeker, onlayn kazino v\u0259 Canl\u0131 kazino[:trk]Mostbet Giri\u015f | Mostbet T\u00fcrkiye G\u00fcncel Giri\u015f Adresi\",\"isPartOf\":{\"@id\":\"https:\/\/mostbetturki.com\/#website\"},\"datePublished\":\"2023-02-05T14:36:50+00:00\",\"dateModified\":\"2025-05-19T06:53:18+00:00\",\"breadcrumb\":{\"@id\":\"https:\/\/mostbetturki.com\/#breadcrumb\"},\"inLanguage\":\"tr\",\"potentialAction\":[{\"@type\":\"ReadAction\",\"target\":[\"https:\/\/mostbetturki.com\/\"]}]},{\"@type\":\"BreadcrumbList\",\"@id\":\"https:\/\/mostbetturki.com\/#breadcrumb\",\"itemListElement\":[{\"@type\":\"ListItem\",\"position\":1,\"name\":\"Anasayfa\",\"item\":\"https:\/\/mostbetturki.com\/\"},{\"@type\":\"ListItem\",\"position\":2,\"name\":\"Ana sayfa\"}]},{\"@type\":\"WebSite\",\"@id\":\"https:\/\/mostbetturki.com\/#website\",\"url\":\"https:\/\/mostbetturki.com\/\",\"name\":\"Mostbet-turkish\",\"description\":\"\",\"potentialAction\":[{\"@type\":\"SearchAction\",\"target\":{\"@type\":\"EntryPoint\",\"urlTemplate\":\"https:\/\/mostbetturki.com\/?s={search_term_string}\"},\"query-input\":\"required name=search_term_string\"}],\"inLanguage\":\"tr\"}]}<\/script>\n<!-- \/ Yoast SEO plugin. -->","yoast_head_json":{"title":"[:ru]\u041e\u0431\u0437\u043e\u0440 iGaming \u043f\u043b\u0430\u0442\u0444\u043e\u0440\u043c\u044b Mostbet \u2013 \u0411\u041a, \u043e\u043d\u043b\u0430\u0439\u043d \u043a\u0430\u0437\u0438\u043d\u043e \u0438 Live \u043a\u0430\u0437\u0438\u043d\u043e[:en]Mostbet BD Login (Mostbet Bangladesh Review) \u2013 Online Casino and Betting Platform[:kk]Mostbet iGaming \u043f\u043b\u0430\u0442\u0444\u043e\u0440\u043c\u0430\u0441\u044b\u043d\u0430 \u0448\u043e\u043b\u0443 - \u0431\u0443\u043a\u043c\u0435\u043a\u0435\u0440\u043b\u0456\u043a \u043a\u0435\u04a3\u0441\u0435, \u043e\u043d\u043b\u0430\u0439\u043d \u043a\u0430\u0437\u0438\u043d\u043e \u0436\u04d9\u043d\u0435 Live \u043a\u0430\u0437\u0438\u043d\u043e[:pt]An\u00e1lise da plataforma Mostbet iGaming - casa de apostas, cassino online e cassino ao vivo[:tr]Mostbet Turkish - Online Sports Betting and Casino[:az]Mostbet iGaming platformas\u0131n\u0131n icmal\u0131 - bukmeker, onlayn kazino v\u0259 Canl\u0131 kazino[:trk]Mostbet Giri\u015f | Mostbet T\u00fcrkiye G\u00fcncel Giri\u015f Adresi","robots":{"index":"index","follow":"follow","max-snippet":"max-snippet:-1","max-image-preview":"max-image-preview:large","max-video-preview":"max-video-preview:-1"},"og_locale":"tr_TR","og_type":"article","og_title":"[:ru]\u041e\u0431\u0437\u043e\u0440 iGaming \u043f\u043b\u0430\u0442\u0444\u043e\u0440\u043c\u044b Mostbet \u2013 \u0411\u041a, \u043e\u043d\u043b\u0430\u0439\u043d \u043a\u0430\u0437\u0438\u043d\u043e \u0438 Live \u043a\u0430\u0437\u0438\u043d\u043e[:en]Mostbet BD Login (Mostbet Bangladesh Review) \u2013 Online Casino and Betting Platform[:kk]Mostbet iGaming \u043f\u043b\u0430\u0442\u0444\u043e\u0440\u043c\u0430\u0441\u044b\u043d\u0430 \u0448\u043e\u043b\u0443 - \u0431\u0443\u043a\u043c\u0435\u043a\u0435\u0440\u043b\u0456\u043a \u043a\u0435\u04a3\u0441\u0435, \u043e\u043d\u043b\u0430\u0439\u043d \u043a\u0430\u0437\u0438\u043d\u043e \u0436\u04d9\u043d\u0435 Live \u043a\u0430\u0437\u0438\u043d\u043e[:pt]An\u00e1lise da plataforma Mostbet iGaming - casa de apostas, cassino online e cassino ao vivo[:tr]Mostbet Turkish - Online Sports Betting and Casino[:az]Mostbet iGaming platformas\u0131n\u0131n icmal\u0131 - bukmeker, onlayn kazino v\u0259 Canl\u0131 kazino[:trk]Mostbet Giri\u015f | Mostbet T\u00fcrkiye G\u00fcncel Giri\u015f Adresi","og_url":"https:\/\/mostbetturki.com\/","og_site_name":"Mostbet-turkish","article_modified_time":"2025-05-19T06:53:18+00:00","twitter_card":"summary_large_image","schema":{"@context":"https:\/\/schema.org","@graph":[{"@type":"WebPage","@id":"https:\/\/mostbetturki.com\/","url":"https:\/\/mostbetturki.com\/","name":"[:ru]\u041e\u0431\u0437\u043e\u0440 iGaming \u043f\u043b\u0430\u0442\u0444\u043e\u0440\u043c\u044b Mostbet \u2013 \u0411\u041a, \u043e\u043d\u043b\u0430\u0439\u043d \u043a\u0430\u0437\u0438\u043d\u043e \u0438 Live \u043a\u0430\u0437\u0438\u043d\u043e[:en]Mostbet BD Login (Mostbet Bangladesh Review) \u2013 Online Casino and Betting Platform[:kk]Mostbet iGaming \u043f\u043b\u0430\u0442\u0444\u043e\u0440\u043c\u0430\u0441\u044b\u043d\u0430 \u0448\u043e\u043b\u0443 - \u0431\u0443\u043a\u043c\u0435\u043a\u0435\u0440\u043b\u0456\u043a \u043a\u0435\u04a3\u0441\u0435, \u043e\u043d\u043b\u0430\u0439\u043d \u043a\u0430\u0437\u0438\u043d\u043e \u0436\u04d9\u043d\u0435 Live \u043a\u0430\u0437\u0438\u043d\u043e[:pt]An\u00e1lise da plataforma Mostbet iGaming - casa de apostas, cassino online e cassino ao vivo[:tr]Mostbet Turkish - Online Sports Betting and Casino[:az]Mostbet iGaming platformas\u0131n\u0131n icmal\u0131 - bukmeker, onlayn kazino v\u0259 Canl\u0131 kazino[:trk]Mostbet Giri\u015f | Mostbet T\u00fcrkiye G\u00fcncel Giri\u015f Adresi","isPartOf":{"@id":"https:\/\/mostbetturki.com\/#website"},"datePublished":"2023-02-05T14:36:50+00:00","dateModified":"2025-05-19T06:53:18+00:00","breadcrumb":{"@id":"https:\/\/mostbetturki.com\/#breadcrumb"},"inLanguage":"tr","potentialAction":[{"@type":"ReadAction","target":["https:\/\/mostbetturki.com\/"]}]},{"@type":"BreadcrumbList","@id":"https:\/\/mostbetturki.com\/#breadcrumb","itemListElement":[{"@type":"ListItem","position":1,"name":"Anasayfa","item":"https:\/\/mostbetturki.com\/"},{"@type":"ListItem","position":2,"name":"Ana sayfa"}]},{"@type":"WebSite","@id":"https:\/\/mostbetturki.com\/#website","url":"https:\/\/mostbetturki.com\/","name":"Mostbet-turkish","description":"","potentialAction":[{"@type":"SearchAction","target":{"@type":"EntryPoint","urlTemplate":"https:\/\/mostbetturki.com\/?s={search_term_string}"},"query-input":"required name=search_term_string"}],"inLanguage":"tr"}]}},"_links":{"self":[{"href":"https:\/\/mostbetturki.com\/tr\/wp-json\/wp\/v2\/pages\/10","targetHints":{"allow":["GET"]}}],"collection":[{"href":"https:\/\/mostbetturki.com\/tr\/wp-json\/wp\/v2\/pages"}],"about":[{"href":"https:\/\/mostbetturki.com\/tr\/wp-json\/wp\/v2\/types\/page"}],"author":[{"embeddable":true,"href":"https:\/\/mostbetturki.com\/tr\/wp-json\/wp\/v2\/users\/1"}],"replies":[{"embeddable":true,"href":"https:\/\/mostbetturki.com\/tr\/wp-json\/wp\/v2\/comments?post=10"}],"version-history":[{"count":78,"href":"https:\/\/mostbetturki.com\/tr\/wp-json\/wp\/v2\/pages\/10\/revisions"}],"predecessor-version":[{"id":4407,"href":"https:\/\/mostbetturki.com\/tr\/wp-json\/wp\/v2\/pages\/10\/revisions\/4407"}],"wp:attachment":[{"href":"https:\/\/mostbetturki.com\/tr\/wp-json\/wp\/v2\/media?parent=10"}],"curies":[{"name":"wp","href":"https:\/\/api.w.org\/{rel}","templated":true}]}}