{"id":4284,"date":"2023-11-24T17:33:48","date_gmt":"2023-11-24T14:33:48","guid":{"rendered":"https:\/\/mostbetturki.com\/?page_id=4284"},"modified":"2023-11-24T17:42:07","modified_gmt":"2023-11-24T14:42:07","slug":"write-for-us","status":"publish","type":"page","link":"https:\/\/mostbetturki.com\/pt\/write-for-us\/","title":{"rendered":"Torne-se um autor convidado e escreva para n\u00f3s"},"content":{"rendered":"<p>Convidamos voc\u00ea a contribuir com o blog MostbetTurkizz e ter suas postagens expostas a um p\u00fablico altamente direcionado, interessado em sistemas HVAC, qualidade do ar interno e efici\u00eancia energ\u00e9tica. Para enviar um guest post, basta incluir um backlink para <a href=\"https:\/\/mostbetturki.com\/\">https:\/\/mostbetturki.com\/<\/a> em um de seus artigos anteriormente relevantes e envie-nos uma nova postagem para <a href=\"mailto:info@mostbetturki.com\"><span style=\"font-weight: 400;\">info@mostbetturki.com<\/span><\/a> . Obrigado por expressar interesse em escrever um guest post para MostbetTurkizz. Estamos entusiasmados por ter voc\u00ea a bordo. Escrever para n\u00f3s representa uma excelente oportunidade de mostrar sua experi\u00eancia e se estabelecer como um especialista na \u00e1rea. Al\u00e9m disso, sua postagem receber\u00e1 exposi\u00e7\u00e3o por meio de nossos canais de m\u00eddia social e de nossa boa vontade \ud83d\ude42 Solicitamos que voc\u00ea revise esta p\u00e1gina inteira, pois ela fornece explica\u00e7\u00f5es claras sobre nossas diretrizes, o processo de envio e o tipo de conte\u00fado que aceitamos. O que buscamos nas contribui\u00e7\u00f5es de guest post: Para aumentar suas chances de ser publicado em nosso blog, certifique-se de que seu guest post atenda aos seguintes crit\u00e9rios:<\/p>\n<ol>\n<li>Abrangente e baseado em dados: crie uma postagem relevante e bem pesquisada, de prefer\u00eancia com dicas pr\u00e1ticas e com mais de 1.000 palavras.<\/li>\n<li>Originalidade: seu envio deve ser 100% original e n\u00e3o publicado anteriormente em outro lugar.<\/li>\n<li>Refer\u00eancias confi\u00e1veis: apoie suas afirma\u00e7\u00f5es com links para pesquisas ou estudos de caso confi\u00e1veis, evitando citar nossos concorrentes e usar links promocionais irrelevantes.<\/li>\n<li>Visuais: inclua exemplos e imagens relevantes para ilustrar seus pontos de vista de maneira eficaz.<\/li>\n<li>Legibilidade: use subt\u00edtulos, marcadores e par\u00e1grafos mais curtos para melhorar a legibilidade do artigo.<\/li>\n<\/ol>\n<h3>T\u00f3picos que cobrimos:<\/h3>\n<p>Nosso p\u00fablico consiste principalmente de MostbetTurkizz, profissionais de HVAC e indiv\u00edduos que buscam dicas, melhores pr\u00e1ticas e guias sobre os seguintes t\u00f3picos:<\/p>\n<ul>\n<li>Sistemas HVAC (instala\u00e7\u00e3o, manuten\u00e7\u00e3o, solu\u00e7\u00e3o de problemas)<\/li>\n<li>Qualidade do ar interno<\/li>\n<li>Efici\u00eancia energ\u00e9tica<\/li>\n<li>Solu\u00e7\u00f5es HVAC sustent\u00e1veis<\/li>\n<li>Tecnologia de casa inteligente em HVAC<\/li>\n<li>Avalia\u00e7\u00f5es de produtos HVAC<\/li>\n<\/ul>\n<h3>Benef\u00edcios de escrever para n\u00f3s:<\/h3>\n<p>Ao contribuir com nosso blog, voc\u00ea desfrutar\u00e1 dos seguintes benef\u00edcios:<\/p>\n<ol>\n<li>Exposi\u00e7\u00e3o: nosso blog recebe uma quantidade substancial de visitantes por m\u00eas e continua a crescer de forma constante.<\/li>\n<li>Exposi\u00e7\u00e3o nas m\u00eddias sociais: mantemos presen\u00e7a ativa no Facebook, Twitter, LinkedIn e Pinterest. Todos os seus artigos ser\u00e3o compartilhados por meio dessas redes para exposi\u00e7\u00e3o adicional.<\/li>\n<\/ol>\n<h3>Diretrizes para envio:<\/h3>\n<p>Para que seu artigo seja considerado para publica\u00e7\u00e3o, ele deve atender aos padr\u00f5es de qualidade de nossa equipe de conte\u00fado. Nossos editores reservam-se o direito de rejeitar contribui\u00e7\u00f5es a seu crit\u00e9rio e fazer pequenas edi\u00e7\u00f5es em seu artigo. Por favor, siga estas diretrizes:<\/p>\n<ol>\n<li>Tamanho do artigo: seu envio deve ter mais de 1.000 palavras e oferecer informa\u00e7\u00f5es valiosas aos nossos leitores.<\/li>\n<li>Backlink: inclua pelo menos um backlink para um artigo anterior relevante seu.<\/li>\n<li>Recursos visuais: incentive o uso de imagens e v\u00eddeos, garantindo que eles estejam em conformidade com os direitos autorais e sejam creditados de forma adequada.<\/li>\n<\/ol>\n<h3>Coisas a considerar ao escrever para n\u00f3s:<\/h3>\n<p>Abrimos a postagem de convidados para fornecer aos nossos leitores e entusiastas de HVAC a chance de construir sua marca. Preferimos trabalhar com pessoas reais em vez de ag\u00eancias de SEO. Antes de enviar seu artigo, reserve um tempo para nos conhecer um pouco melhor. Como recebemos in\u00fameras submiss\u00f5es todos os meses, evite enviar e-mails de acompanhamento sobre o status de publica\u00e7\u00e3o do seu artigo. Se selecionarmos seu artigo, voc\u00ea receber\u00e1 not\u00edcias nossas. Embora nossa p\u00e1gina possa ser extensa e nossos requisitos pare\u00e7am r\u00edgidos, eles s\u00e3o necess\u00e1rios para manter o conte\u00fado de alta qualidade que nossos leitores esperam. Esperamos ansiosamente receber artigos excepcionais de voc\u00ea. Se acreditarmos que seu envio \u00e9 adequado, entraremos em contato para discutir as pr\u00f3ximas etapas e quaisquer informa\u00e7\u00f5es adicionais necess\u00e1rias para publicar sua postagem.<\/p>","protected":false},"excerpt":{"rendered":"<p>Convidamos voc\u00ea a contribuir com o blog MostbetTurkizz e ter suas postagens expostas a um p\u00fablico altamente direcionado, interessado em sistemas HVAC, qualidade do ar interno e efici\u00eancia energ\u00e9tica. Para enviar um guest post, basta incluir um backlink para https:\/\/mostbetturki.com\/ em um de seus artigos anteriormente relevantes e envie-nos uma nova postagem para info@mostbetturki.com . [&hellip;]<\/p>\n","protected":false},"author":1,"featured_media":0,"parent":0,"menu_order":0,"comment_status":"closed","ping_status":"closed","template":"","meta":{"inline_featured_image":false,"footnotes":""},"class_list":["post-4284","page","type-page","status-publish","hentry"],"acf":[],"yoast_head":"<!-- This site is optimized with the Yoast SEO plugin v20.0 - https:\/\/yoast.com\/wordpress\/plugins\/seo\/ -->\n<title>Torne-se um autor convidado e escreva para n\u00f3s - Mostbet-turkish<\/title>\n<meta name=\"robots\" content=\"index, follow, max-snippet:-1, max-image-preview:large, max-video-preview:-1\" \/>\n<meta property=\"og:locale\" content=\"pt_PT\" \/>\n<meta property=\"og:type\" content=\"article\" \/>\n<meta property=\"og:title\" content=\"[:ru]\u0421\u0442\u0430\u043d\u044c\u0442\u0435 \u043f\u0440\u0438\u0433\u043b\u0430\u0448\u0435\u043d\u043d\u044b\u043c \u0430\u0432\u0442\u043e\u0440\u043e\u043c \u0438 \u043f\u0438\u0448\u0438\u0442\u0435 \u0434\u043b\u044f \u043d\u0430\u0441[:en]Become a Guest Author and Write for Us[:kk]\u049a\u043e\u043d\u0430\u049b \u0430\u0432\u0442\u043e\u0440 \u0431\u043e\u043b\u044b\u04a3\u044b\u0437 \u0436\u04d9\u043d\u0435 \u0431\u0456\u0437\u0433\u0435 \u0436\u0430\u0437\u044b\u04a3\u044b\u0437[:pt]Torne-se um autor convidado e escreva para n\u00f3s[:tr]Konuk Yazar Olun ve Bize Yaz\u0131n[:az]Qonaq M\u00fc\u0259llif ol v\u0259 Bizim \u00fc\u00e7\u00fcn Yaz\u0131n[:trk]Konuk Yazar Olun ve Bize Yaz\u0131n[:] - Mostbet-turkish\" \/>\n<meta property=\"og:description\" content=\"Convidamos voc\u00ea a contribuir com o blog MostbetTurkizz e ter suas postagens expostas a um p\u00fablico altamente direcionado, interessado em sistemas HVAC, qualidade do ar interno e efici\u00eancia energ\u00e9tica. Para enviar um guest post, basta incluir um backlink para https:\/\/mostbetturki.com\/ em um de seus artigos anteriormente relevantes e envie-nos uma nova postagem para info@mostbetturki.com . [&hellip;]\" \/>\n<meta property=\"og:url\" content=\"https:\/\/mostbetturki.com\/write-for-us\/\" \/>\n<meta property=\"og:site_name\" content=\"Mostbet-turkish\" \/>\n<meta property=\"article:modified_time\" content=\"2023-11-24T14:42:07+00:00\" \/>\n<meta name=\"twitter:card\" content=\"summary_large_image\" \/>\n<meta name=\"twitter:label1\" content=\"Tempo estimado de leitura\" \/>\n\t<meta name=\"twitter:data1\" content=\"18 minutos\" \/>\n<script type=\"application\/ld+json\" class=\"yoast-schema-graph\">{\"@context\":\"https:\/\/schema.org\",\"@graph\":[{\"@type\":\"WebPage\",\"@id\":\"https:\/\/mostbetturki.com\/write-for-us\/\",\"url\":\"https:\/\/mostbetturki.com\/write-for-us\/\",\"name\":\"[:ru]\u0421\u0442\u0430\u043d\u044c\u0442\u0435 \u043f\u0440\u0438\u0433\u043b\u0430\u0448\u0435\u043d\u043d\u044b\u043c \u0430\u0432\u0442\u043e\u0440\u043e\u043c \u0438 \u043f\u0438\u0448\u0438\u0442\u0435 \u0434\u043b\u044f \u043d\u0430\u0441[:en]Become a Guest Author and Write for Us[:kk]\u049a\u043e\u043d\u0430\u049b \u0430\u0432\u0442\u043e\u0440 \u0431\u043e\u043b\u044b\u04a3\u044b\u0437 \u0436\u04d9\u043d\u0435 \u0431\u0456\u0437\u0433\u0435 \u0436\u0430\u0437\u044b\u04a3\u044b\u0437[:pt]Torne-se um autor convidado e escreva para n\u00f3s[:tr]Konuk Yazar Olun ve Bize Yaz\u0131n[:az]Qonaq M\u00fc\u0259llif ol v\u0259 Bizim \u00fc\u00e7\u00fcn Yaz\u0131n[:trk]Konuk Yazar Olun ve Bize Yaz\u0131n[:] - Mostbet-turkish\",\"isPartOf\":{\"@id\":\"https:\/\/mostbetturki.com\/#website\"},\"datePublished\":\"2023-11-24T14:33:48+00:00\",\"dateModified\":\"2023-11-24T14:42:07+00:00\",\"breadcrumb\":{\"@id\":\"https:\/\/mostbetturki.com\/write-for-us\/#breadcrumb\"},\"inLanguage\":\"pt-PT\",\"potentialAction\":[{\"@type\":\"ReadAction\",\"target\":[\"https:\/\/mostbetturki.com\/write-for-us\/\"]}]},{\"@type\":\"BreadcrumbList\",\"@id\":\"https:\/\/mostbetturki.com\/write-for-us\/#breadcrumb\",\"itemListElement\":[{\"@type\":\"ListItem\",\"position\":1,\"name\":\"Anasayfa\",\"item\":\"https:\/\/mostbetturki.com\/\"},{\"@type\":\"ListItem\",\"position\":2,\"name\":\"Konuk Yazar Olun ve Bize Yaz\u0131n\"}]},{\"@type\":\"WebSite\",\"@id\":\"https:\/\/mostbetturki.com\/#website\",\"url\":\"https:\/\/mostbetturki.com\/\",\"name\":\"Mostbet-turkish\",\"description\":\"\",\"potentialAction\":[{\"@type\":\"SearchAction\",\"target\":{\"@type\":\"EntryPoint\",\"urlTemplate\":\"https:\/\/mostbetturki.com\/?s={search_term_string}\"},\"query-input\":\"required name=search_term_string\"}],\"inLanguage\":\"pt-PT\"}]}<\/script>\n<!-- \/ Yoast SEO plugin. -->","yoast_head_json":{"title":"[:ru]\u0421\u0442\u0430\u043d\u044c\u0442\u0435 \u043f\u0440\u0438\u0433\u043b\u0430\u0448\u0435\u043d\u043d\u044b\u043c \u0430\u0432\u0442\u043e\u0440\u043e\u043c \u0438 \u043f\u0438\u0448\u0438\u0442\u0435 \u0434\u043b\u044f \u043d\u0430\u0441[:en]Become a Guest Author and Write for Us[:kk]\u049a\u043e\u043d\u0430\u049b \u0430\u0432\u0442\u043e\u0440 \u0431\u043e\u043b\u044b\u04a3\u044b\u0437 \u0436\u04d9\u043d\u0435 \u0431\u0456\u0437\u0433\u0435 \u0436\u0430\u0437\u044b\u04a3\u044b\u0437[:pt]Torne-se um autor convidado e escreva para n\u00f3s[:tr]Konuk Yazar Olun ve Bize Yaz\u0131n[:az]Qonaq M\u00fc\u0259llif ol v\u0259 Bizim \u00fc\u00e7\u00fcn Yaz\u0131n[:trk]Konuk Yazar Olun ve Bize Yaz\u0131n[:] - Mostbet-turkish","robots":{"index":"index","follow":"follow","max-snippet":"max-snippet:-1","max-image-preview":"max-image-preview:large","max-video-preview":"max-video-preview:-1"},"og_locale":"pt_PT","og_type":"article","og_title":"[:ru]\u0421\u0442\u0430\u043d\u044c\u0442\u0435 \u043f\u0440\u0438\u0433\u043b\u0430\u0448\u0435\u043d\u043d\u044b\u043c \u0430\u0432\u0442\u043e\u0440\u043e\u043c \u0438 \u043f\u0438\u0448\u0438\u0442\u0435 \u0434\u043b\u044f \u043d\u0430\u0441[:en]Become a Guest Author and Write for Us[:kk]\u049a\u043e\u043d\u0430\u049b \u0430\u0432\u0442\u043e\u0440 \u0431\u043e\u043b\u044b\u04a3\u044b\u0437 \u0436\u04d9\u043d\u0435 \u0431\u0456\u0437\u0433\u0435 \u0436\u0430\u0437\u044b\u04a3\u044b\u0437[:pt]Torne-se um autor convidado e escreva para n\u00f3s[:tr]Konuk Yazar Olun ve Bize Yaz\u0131n[:az]Qonaq M\u00fc\u0259llif ol v\u0259 Bizim \u00fc\u00e7\u00fcn Yaz\u0131n[:trk]Konuk Yazar Olun ve Bize Yaz\u0131n[:] - Mostbet-turkish","og_description":"Convidamos voc\u00ea a contribuir com o blog MostbetTurkizz e ter suas postagens expostas a um p\u00fablico altamente direcionado, interessado em sistemas HVAC, qualidade do ar interno e efici\u00eancia energ\u00e9tica. Para enviar um guest post, basta incluir um backlink para https:\/\/mostbetturki.com\/ em um de seus artigos anteriormente relevantes e envie-nos uma nova postagem para info@mostbetturki.com . [&hellip;]","og_url":"https:\/\/mostbetturki.com\/write-for-us\/","og_site_name":"Mostbet-turkish","article_modified_time":"2023-11-24T14:42:07+00:00","twitter_card":"summary_large_image","twitter_misc":{"Tempo estimado de leitura":"18 minutos"},"schema":{"@context":"https:\/\/schema.org","@graph":[{"@type":"WebPage","@id":"https:\/\/mostbetturki.com\/write-for-us\/","url":"https:\/\/mostbetturki.com\/write-for-us\/","name":"[:ru]\u0421\u0442\u0430\u043d\u044c\u0442\u0435 \u043f\u0440\u0438\u0433\u043b\u0430\u0448\u0435\u043d\u043d\u044b\u043c \u0430\u0432\u0442\u043e\u0440\u043e\u043c \u0438 \u043f\u0438\u0448\u0438\u0442\u0435 \u0434\u043b\u044f \u043d\u0430\u0441[:en]Become a Guest Author and Write for Us[:kk]\u049a\u043e\u043d\u0430\u049b \u0430\u0432\u0442\u043e\u0440 \u0431\u043e\u043b\u044b\u04a3\u044b\u0437 \u0436\u04d9\u043d\u0435 \u0431\u0456\u0437\u0433\u0435 \u0436\u0430\u0437\u044b\u04a3\u044b\u0437[:pt]Torne-se um autor convidado e escreva para n\u00f3s[:tr]Konuk Yazar Olun ve Bize Yaz\u0131n[:az]Qonaq M\u00fc\u0259llif ol v\u0259 Bizim \u00fc\u00e7\u00fcn Yaz\u0131n[:trk]Konuk Yazar Olun ve Bize Yaz\u0131n[:] - Mostbet-turkish","isPartOf":{"@id":"https:\/\/mostbetturki.com\/#website"},"datePublished":"2023-11-24T14:33:48+00:00","dateModified":"2023-11-24T14:42:07+00:00","breadcrumb":{"@id":"https:\/\/mostbetturki.com\/write-for-us\/#breadcrumb"},"inLanguage":"pt-PT","potentialAction":[{"@type":"ReadAction","target":["https:\/\/mostbetturki.com\/write-for-us\/"]}]},{"@type":"BreadcrumbList","@id":"https:\/\/mostbetturki.com\/write-for-us\/#breadcrumb","itemListElement":[{"@type":"ListItem","position":1,"name":"Anasayfa","item":"https:\/\/mostbetturki.com\/"},{"@type":"ListItem","position":2,"name":"Konuk Yazar Olun ve Bize Yaz\u0131n"}]},{"@type":"WebSite","@id":"https:\/\/mostbetturki.com\/#website","url":"https:\/\/mostbetturki.com\/","name":"Mostbet-turkish","description":"","potentialAction":[{"@type":"SearchAction","target":{"@type":"EntryPoint","urlTemplate":"https:\/\/mostbetturki.com\/?s={search_term_string}"},"query-input":"required name=search_term_string"}],"inLanguage":"pt-PT"}]}},"_links":{"self":[{"href":"https:\/\/mostbetturki.com\/pt\/wp-json\/wp\/v2\/pages\/4284","targetHints":{"allow":["GET"]}}],"collection":[{"href":"https:\/\/mostbetturki.com\/pt\/wp-json\/wp\/v2\/pages"}],"about":[{"href":"https:\/\/mostbetturki.com\/pt\/wp-json\/wp\/v2\/types\/page"}],"author":[{"embeddable":true,"href":"https:\/\/mostbetturki.com\/pt\/wp-json\/wp\/v2\/users\/1"}],"replies":[{"embeddable":true,"href":"https:\/\/mostbetturki.com\/pt\/wp-json\/wp\/v2\/comments?post=4284"}],"version-history":[{"count":6,"href":"https:\/\/mostbetturki.com\/pt\/wp-json\/wp\/v2\/pages\/4284\/revisions"}],"predecessor-version":[{"id":4293,"href":"https:\/\/mostbetturki.com\/pt\/wp-json\/wp\/v2\/pages\/4284\/revisions\/4293"}],"wp:attachment":[{"href":"https:\/\/mostbetturki.com\/pt\/wp-json\/wp\/v2\/media?parent=4284"}],"curies":[{"name":"wp","href":"https:\/\/api.w.org\/{rel}","templated":true}]}}