{"id":4284,"date":"2023-11-24T17:33:48","date_gmt":"2023-11-24T14:33:48","guid":{"rendered":"https:\/\/mostbetturki.com\/?page_id=4284"},"modified":"2023-11-24T17:42:07","modified_gmt":"2023-11-24T14:42:07","slug":"write-for-us","status":"publish","type":"page","link":"https:\/\/mostbetturki.com\/az\/write-for-us\/","title":{"rendered":"Qonaq M\u00fc\u0259llif ol v\u0259 Bizim \u00fc\u00e7\u00fcn Yaz\u0131n"},"content":{"rendered":"<p>Sizi MostbetTurkizz bloquna t\u00f6hf\u0259 verm\u0259y\u0259 v\u0259 qonaq yaz\u0131lar\u0131n\u0131z\u0131 HVAC sisteml\u0259ri, daxili havan\u0131n keyfiyy\u0259ti v\u0259 enerji s\u0259m\u0259r\u0259liliyi il\u0259 maraqlanan y\u00fcks\u0259k h\u0259d\u0259fl\u0259nmi\u015f auditoriyaya t\u0259qdim etm\u0259y\u0259 d\u0259v\u0259t edirik. Qonaq postunu t\u0259qdim etm\u0259k \u00fc\u00e7\u00fcn sad\u0259c\u0259 olaraq \u0259vv\u0259ll\u0259r m\u00fcvafiq m\u0259qal\u0259l\u0259rinizd\u0259n birin\u0259 <a href=\"https:\/\/mostbetturki.com\/\">https:\/\/mostbetturki.com\/<\/a> linkini daxil edin v\u0259 biz\u0259 <a href=\"mailto:info@mostbetturki.com\"><span style=\"font-weight: 400;\">info@mostbetturki.com<\/span><\/a> \u00fcnvan\u0131na yeni yaz\u0131 g\u00f6nd\u0259rin. . MostbetTurkizz \u00fc\u00e7\u00fcn qonaq postu yazmaqda maraql\u0131 oldu\u011funuz \u00fc\u00e7\u00fcn t\u0259\u015f\u0259kk\u00fcr edirik. Sizi g\u0259mid\u0259 g\u00f6rm\u0259kd\u0259n m\u0259mnunuq. Bizim \u00fc\u00e7\u00fcn yazmaq t\u0259cr\u00fcb\u0259nizi n\u00fcmayi\u015f etdirm\u0259k v\u0259 bu sah\u0259d\u0259 m\u00fct\u0259x\u0259ssis kimi \u00f6z\u00fcn\u00fcz\u00fc t\u0259sdiql\u0259m\u0259k \u00fc\u00e7\u00fcn \u0259la f\u00fcrs\u0259t t\u0259qdim edir. Bundan \u0259lav\u0259, postunuz sosial media kanallar\u0131m\u0131z v\u0259 xo\u015f niyy\u0259timiz vasit\u0259sil\u0259 if\u015fa olunacaq \ud83d\ude42 Sizd\u0259n xahi\u015f edirik ki, bu s\u0259hif\u0259ni b\u00fct\u00fcnl\u00fckl\u0259 n\u0259z\u0259rd\u0259n ke\u00e7ir\u0259siniz, \u00e7\u00fcnki burada t\u0259limatlar\u0131m\u0131z, t\u0259qdimetm\u0259 prosesi v\u0259 q\u0259bul etdiyimiz m\u0259zmunun n\u00f6v\u00fc haqq\u0131nda ayd\u0131n izahatlar verilir. Qonaq postunun t\u00f6hf\u0259l\u0259rind\u0259 axtard\u0131\u011f\u0131m\u0131z \u015fey: Bloqumuzda d\u0259rc olunmaq \u015fans\u0131n\u0131z\u0131 art\u0131rmaq \u00fc\u00e7\u00fcn qonaq postunuzun a\u015fa\u011f\u0131dak\u0131 meyarlara cavab verdiyin\u0259 \u0259min olun:<\/p>\n<ol>\n<li>H\u0259rt\u0259r\u0259fli v\u0259 dataya \u0259saslanan: M\u00fcvafiq, yax\u015f\u0131 ara\u015fd\u0131r\u0131lm\u0131\u015f post haz\u0131rlay\u0131n, tercihen i\u015fl\u0259y\u0259 bil\u0259n m\u0259sl\u0259h\u0259tl\u0259r v\u0259 1000+ s\u00f6zd\u0259n ibar\u0259tdir.<\/li>\n<li>Orijinall\u0131q: T\u0259qdimat\u0131n\u0131z 100% orijinal olmal\u0131d\u0131r v\u0259 \u0259vv\u0259ll\u0259r ba\u015fqa yerd\u0259 d\u0259rc edilm\u0259m\u0259lidir.<\/li>\n<li>Etibarl\u0131 istinadlar: R\u0259qibl\u0259rimizd\u0259n sitat g\u0259tirm\u0259kd\u0259n v\u0259 uy\u011fun olmayan tan\u0131t\u0131m linkl\u0259rind\u0259n istifad\u0259 etm\u0259kl\u0259 yana\u015f\u0131, iddialar\u0131n\u0131z\u0131 etibarl\u0131 t\u0259dqiqatlara v\u0259 ya n\u00fcmun\u0259 ara\u015fd\u0131rmalar\u0131na ke\u00e7idl\u0259rl\u0259 d\u0259st\u0259kl\u0259yin.<\/li>\n<li>Vizuallar: Fikirl\u0259rinizi effektiv \u015f\u0259kild\u0259 g\u00f6st\u0259rm\u0259k \u00fc\u00e7\u00fcn n\u00fcmun\u0259l\u0259r v\u0259 m\u00fcvafiq \u015f\u0259kill\u0259r daxil edin.<\/li>\n<li>Oxunma qabiliyy\u0259ti: M\u0259qal\u0259nin oxunaql\u0131l\u0131\u011f\u0131n\u0131 art\u0131rmaq \u00fc\u00e7\u00fcn alt ba\u015fl\u0131qlar, i\u015far\u0259 n\u00f6qt\u0259l\u0259ri v\u0259 daha q\u0131sa abzaslardan istifad\u0259 edin.<\/li>\n<\/ol>\n<h3>\u018fhat\u0259 etdiyimiz M\u00f6vzular:<\/h3>\n<p>Auditoriyam\u0131z \u0259sas\u0259n MostbetTurkizz, HVAC m\u00fct\u0259x\u0259ssisl\u0259ri v\u0259 a\u015fa\u011f\u0131dak\u0131 m\u00f6vzular \u00fczr\u0259 m\u0259sl\u0259h\u0259tl\u0259r, \u0259n yax\u015f\u0131 t\u0259cr\u00fcb\u0259l\u0259r v\u0259 b\u0259l\u0259d\u00e7il\u0259r axtaran \u015f\u0259xsl\u0259rd\u0259n ibar\u0259tdir:<\/p>\n<ul>\n<li>HVAC sisteml\u0259ri (qura\u015fd\u0131rma, texniki xidm\u0259t, nasazl\u0131qlar\u0131n aradan qald\u0131r\u0131lmas\u0131)<\/li>\n<li>Daxili havan\u0131n keyfiyy\u0259ti<\/li>\n<li>Enerji s\u0259m\u0259r\u0259liliyi<\/li>\n<li>Dayan\u0131ql\u0131 HVAC h\u0259ll\u0259ri<\/li>\n<li>HVAC-d\u0259 a\u011f\u0131ll\u0131 ev texnologiyas\u0131<\/li>\n<li>HVAC m\u0259hsul r\u0259yl\u0259ri<\/li>\n<\/ul>\n<h3>Yazma\u011f\u0131n Bizim \u00fc\u00e7\u00fcn Faydalar\u0131:<\/h3>\n<p>Bloqumuza t\u00f6hf\u0259 verm\u0259kl\u0259 siz a\u015fa\u011f\u0131dak\u0131 \u00fcst\u00fcnl\u00fckl\u0259rd\u0259n yararlanacaqs\u0131n\u0131z:<\/p>\n<ol>\n<li>T\u0259zah\u00fcr: Bloqumuz ayda \u0259h\u0259miyy\u0259tli miqdarda ziyar\u0259t\u00e7i q\u0259bul edir v\u0259 davaml\u0131 olaraq b\u00f6y\u00fcm\u0259y\u0259 davam edir.<\/li>\n<li>Sosial Media T\u0259siri: Biz Facebook, Twitter, LinkedIn v\u0259 Pinterest-d\u0259 f\u0259all\u0131\u011f\u0131m\u0131z\u0131 qoruyuruq. \u018flav\u0259 m\u0259ruz qalma \u00fc\u00e7\u00fcn b\u00fct\u00fcn m\u0259qal\u0259l\u0259riniz bu \u015f\u0259b\u0259k\u0259l\u0259r vasit\u0259sil\u0259 payla\u015f\u0131lacaq.<\/li>\n<\/ol>\n<h3>T\u0259qdimat T\u0259limatlar\u0131:<\/h3>\n<p>M\u0259qal\u0259nizin d\u0259rc olunmaq \u00fc\u00e7\u00fcn n\u0259z\u0259rd\u0259n ke\u00e7irilm\u0259si \u00fc\u00e7\u00fcn m\u0259zmun komandam\u0131z\u0131n keyfiyy\u0259t standartlar\u0131na cavab verm\u0259lidir. Redaktorlar\u0131m\u0131z \u00f6z m\u00fclahiz\u0259l\u0259ri il\u0259 t\u00f6hf\u0259l\u0259ri r\u0259dd etm\u0259k v\u0259 m\u0259qal\u0259niz\u0259 ki\u00e7ik d\u00fcz\u0259li\u015fl\u0259r etm\u0259k h\u00fcququnu \u00f6z\u00fcnd\u0259 saxlay\u0131r. Z\u0259hm\u0259t olmasa bu t\u0259limatlara \u0259m\u0259l edin:<\/p>\n<ol>\n<li>M\u0259qal\u0259nin uzunlu\u011fu: T\u0259qdimat\u0131n\u0131z 1000+ s\u00f6zd\u0259n ibar\u0259t olmal\u0131d\u0131r v\u0259 oxucular\u0131m\u0131za d\u0259y\u0259rli fikirl\u0259r t\u0259qdim etm\u0259lidir.<\/li>\n<li>Backlink: \u018fvv\u0259lki m\u00fcvafiq m\u0259qal\u0259niz \u00fc\u00e7\u00fcn \u0259n az\u0131 bir geri ke\u00e7id daxil edin.<\/li>\n<li>Vizuallar: \u015e\u0259kill\u0259rin v\u0259 videolar\u0131n istifad\u0259sini t\u0259\u015fviq edin, onlar\u0131n m\u00fc\u0259llif h\u00fcquqlar\u0131na uy\u011fun olmas\u0131n\u0131 v\u0259 m\u00fcvafiq qaydada kreditl\u0259\u015fdirilm\u0259sini t\u0259min edin.<\/li>\n<\/ol>\n<h3>Bizim \u00fc\u00e7\u00fcn yazark\u0259n n\u0259z\u0259r\u0259 al\u0131nmal\u0131 olanlar:<\/h3>\n<p>Oxucular\u0131m\u0131za v\u0259 HVAC h\u0259v\u0259skarlar\u0131na \u00f6z brendl\u0259rini yaratmaq \u015fans\u0131 verm\u0259k \u00fc\u00e7\u00fcn qonaq g\u00f6nd\u0259ri\u015fini a\u00e7d\u0131q. Biz SEO agentlikl\u0259rind\u0259n \u00e7ox real insanlarla i\u015fl\u0259m\u0259y\u0259 \u00fcst\u00fcnl\u00fck veririk. M\u0259qal\u0259nizi t\u0259qdim etm\u0259zd\u0259n \u0259vv\u0259l bizi bir az daha yax\u0131ndan tan\u0131maq \u00fc\u00e7\u00fcn vaxt ay\u0131r\u0131n. H\u0259r ay \u00e7oxsayl\u0131 t\u0259qdimatlar ald\u0131\u011f\u0131m\u0131z \u00fc\u00e7\u00fcn, m\u0259qal\u0259nizin d\u0259rc olunma statusu il\u0259 ba\u011fl\u0131 \u0259lav\u0259 e-po\u00e7t g\u00f6nd\u0259rm\u0259kd\u0259n \u00e7\u0259kinin. M\u0259qal\u0259nizi se\u00e7s\u0259k, bizd\u0259n x\u0259b\u0259r alacaqs\u0131n\u0131z. S\u0259hif\u0259miz uzun v\u0259 t\u0259l\u0259bl\u0259rimiz s\u0259rt g\u00f6r\u00fcns\u0259 d\u0259, oxucular\u0131m\u0131z\u0131n g\u00f6zl\u0259diyi y\u00fcks\u0259k keyfiyy\u0259tli m\u0259zmunu qorumaq \u00fc\u00e7\u00fcn laz\u0131md\u0131r. Sizd\u0259n m\u00fcst\u0259sna m\u0259qal\u0259l\u0259r alma\u011f\u0131 s\u0259birsizlikl\u0259 g\u00f6zl\u0259yirik. T\u0259qdimat\u0131n\u0131z\u0131n d\u00fczg\u00fcn oldu\u011funa inan\u0131r\u0131qsa, n\u00f6vb\u0259ti add\u0131mlar\u0131 v\u0259 postunuzu d\u0259rc etm\u0259k \u00fc\u00e7\u00fcn laz\u0131m olan h\u0259r hans\u0131 \u0259lav\u0259 m\u0259lumat\u0131 m\u00fczakir\u0259 etm\u0259k \u00fc\u00e7\u00fcn \u0259laq\u0259 saxlayaca\u011f\u0131q.<\/p>","protected":false},"excerpt":{"rendered":"<p>Sizi MostbetTurkizz bloquna t\u00f6hf\u0259 verm\u0259y\u0259 v\u0259 qonaq yaz\u0131lar\u0131n\u0131z\u0131 HVAC sisteml\u0259ri, daxili havan\u0131n keyfiyy\u0259ti v\u0259 enerji s\u0259m\u0259r\u0259liliyi il\u0259 maraqlanan y\u00fcks\u0259k h\u0259d\u0259fl\u0259nmi\u015f auditoriyaya t\u0259qdim etm\u0259y\u0259 d\u0259v\u0259t edirik. Qonaq postunu t\u0259qdim etm\u0259k \u00fc\u00e7\u00fcn sad\u0259c\u0259 olaraq \u0259vv\u0259ll\u0259r m\u00fcvafiq m\u0259qal\u0259l\u0259rinizd\u0259n birin\u0259 https:\/\/mostbetturki.com\/ linkini daxil edin v\u0259 biz\u0259 info@mostbetturki.com \u00fcnvan\u0131na yeni yaz\u0131 g\u00f6nd\u0259rin. . MostbetTurkizz \u00fc\u00e7\u00fcn qonaq postu yazmaqda maraql\u0131 oldu\u011funuz [&hellip;]<\/p>\n","protected":false},"author":1,"featured_media":0,"parent":0,"menu_order":0,"comment_status":"closed","ping_status":"closed","template":"","meta":{"inline_featured_image":false,"footnotes":""},"class_list":["post-4284","page","type-page","status-publish","hentry"],"acf":[],"yoast_head":"<!-- This site is optimized with the Yoast SEO plugin v20.0 - https:\/\/yoast.com\/wordpress\/plugins\/seo\/ -->\n<title>Qonaq M\u00fc\u0259llif ol v\u0259 Bizim \u00fc\u00e7\u00fcn Yaz\u0131n - Mostbet-turkish<\/title>\n<meta name=\"robots\" content=\"index, follow, max-snippet:-1, max-image-preview:large, max-video-preview:-1\" \/>\n<meta property=\"og:locale\" content=\"az_AZ\" \/>\n<meta property=\"og:type\" content=\"article\" \/>\n<meta property=\"og:title\" content=\"[:ru]\u0421\u0442\u0430\u043d\u044c\u0442\u0435 \u043f\u0440\u0438\u0433\u043b\u0430\u0448\u0435\u043d\u043d\u044b\u043c \u0430\u0432\u0442\u043e\u0440\u043e\u043c \u0438 \u043f\u0438\u0448\u0438\u0442\u0435 \u0434\u043b\u044f \u043d\u0430\u0441[:en]Become a Guest Author and Write for Us[:kk]\u049a\u043e\u043d\u0430\u049b \u0430\u0432\u0442\u043e\u0440 \u0431\u043e\u043b\u044b\u04a3\u044b\u0437 \u0436\u04d9\u043d\u0435 \u0431\u0456\u0437\u0433\u0435 \u0436\u0430\u0437\u044b\u04a3\u044b\u0437[:pt]Torne-se um autor convidado e escreva para n\u00f3s[:tr]Konuk Yazar Olun ve Bize Yaz\u0131n[:az]Qonaq M\u00fc\u0259llif ol v\u0259 Bizim \u00fc\u00e7\u00fcn Yaz\u0131n[:trk]Konuk Yazar Olun ve Bize Yaz\u0131n[:] - Mostbet-turkish\" \/>\n<meta property=\"og:description\" content=\"Sizi MostbetTurkizz bloquna t\u00f6hf\u0259 verm\u0259y\u0259 v\u0259 qonaq yaz\u0131lar\u0131n\u0131z\u0131 HVAC sisteml\u0259ri, daxili havan\u0131n keyfiyy\u0259ti v\u0259 enerji s\u0259m\u0259r\u0259liliyi il\u0259 maraqlanan y\u00fcks\u0259k h\u0259d\u0259fl\u0259nmi\u015f auditoriyaya t\u0259qdim etm\u0259y\u0259 d\u0259v\u0259t edirik. Qonaq postunu t\u0259qdim etm\u0259k \u00fc\u00e7\u00fcn sad\u0259c\u0259 olaraq \u0259vv\u0259ll\u0259r m\u00fcvafiq m\u0259qal\u0259l\u0259rinizd\u0259n birin\u0259 https:\/\/mostbetturki.com\/ linkini daxil edin v\u0259 biz\u0259 info@mostbetturki.com \u00fcnvan\u0131na yeni yaz\u0131 g\u00f6nd\u0259rin. . MostbetTurkizz \u00fc\u00e7\u00fcn qonaq postu yazmaqda maraql\u0131 oldu\u011funuz [&hellip;]\" \/>\n<meta property=\"og:url\" content=\"https:\/\/mostbetturki.com\/write-for-us\/\" \/>\n<meta property=\"og:site_name\" content=\"Mostbet-turkish\" \/>\n<meta property=\"article:modified_time\" content=\"2023-11-24T14:42:07+00:00\" \/>\n<meta name=\"twitter:card\" content=\"summary_large_image\" \/>\n<meta name=\"twitter:label1\" content=\"Est. reading time\" \/>\n\t<meta name=\"twitter:data1\" content=\"18 minutes\" \/>\n<script type=\"application\/ld+json\" class=\"yoast-schema-graph\">{\"@context\":\"https:\/\/schema.org\",\"@graph\":[{\"@type\":\"WebPage\",\"@id\":\"https:\/\/mostbetturki.com\/write-for-us\/\",\"url\":\"https:\/\/mostbetturki.com\/write-for-us\/\",\"name\":\"[:ru]\u0421\u0442\u0430\u043d\u044c\u0442\u0435 \u043f\u0440\u0438\u0433\u043b\u0430\u0448\u0435\u043d\u043d\u044b\u043c \u0430\u0432\u0442\u043e\u0440\u043e\u043c \u0438 \u043f\u0438\u0448\u0438\u0442\u0435 \u0434\u043b\u044f \u043d\u0430\u0441[:en]Become a Guest Author and Write for Us[:kk]\u049a\u043e\u043d\u0430\u049b \u0430\u0432\u0442\u043e\u0440 \u0431\u043e\u043b\u044b\u04a3\u044b\u0437 \u0436\u04d9\u043d\u0435 \u0431\u0456\u0437\u0433\u0435 \u0436\u0430\u0437\u044b\u04a3\u044b\u0437[:pt]Torne-se um autor convidado e escreva para n\u00f3s[:tr]Konuk Yazar Olun ve Bize Yaz\u0131n[:az]Qonaq M\u00fc\u0259llif ol v\u0259 Bizim \u00fc\u00e7\u00fcn Yaz\u0131n[:trk]Konuk Yazar Olun ve Bize Yaz\u0131n[:] - Mostbet-turkish\",\"isPartOf\":{\"@id\":\"https:\/\/mostbetturki.com\/#website\"},\"datePublished\":\"2023-11-24T14:33:48+00:00\",\"dateModified\":\"2023-11-24T14:42:07+00:00\",\"breadcrumb\":{\"@id\":\"https:\/\/mostbetturki.com\/write-for-us\/#breadcrumb\"},\"inLanguage\":\"az-AZ\",\"potentialAction\":[{\"@type\":\"ReadAction\",\"target\":[\"https:\/\/mostbetturki.com\/write-for-us\/\"]}]},{\"@type\":\"BreadcrumbList\",\"@id\":\"https:\/\/mostbetturki.com\/write-for-us\/#breadcrumb\",\"itemListElement\":[{\"@type\":\"ListItem\",\"position\":1,\"name\":\"Anasayfa\",\"item\":\"https:\/\/mostbetturki.com\/\"},{\"@type\":\"ListItem\",\"position\":2,\"name\":\"Konuk Yazar Olun ve Bize Yaz\u0131n\"}]},{\"@type\":\"WebSite\",\"@id\":\"https:\/\/mostbetturki.com\/#website\",\"url\":\"https:\/\/mostbetturki.com\/\",\"name\":\"Mostbet-turkish\",\"description\":\"\",\"potentialAction\":[{\"@type\":\"SearchAction\",\"target\":{\"@type\":\"EntryPoint\",\"urlTemplate\":\"https:\/\/mostbetturki.com\/?s={search_term_string}\"},\"query-input\":\"required name=search_term_string\"}],\"inLanguage\":\"az-AZ\"}]}<\/script>\n<!-- \/ Yoast SEO plugin. -->","yoast_head_json":{"title":"[:ru]\u0421\u0442\u0430\u043d\u044c\u0442\u0435 \u043f\u0440\u0438\u0433\u043b\u0430\u0448\u0435\u043d\u043d\u044b\u043c \u0430\u0432\u0442\u043e\u0440\u043e\u043c \u0438 \u043f\u0438\u0448\u0438\u0442\u0435 \u0434\u043b\u044f \u043d\u0430\u0441[:en]Become a Guest Author and Write for Us[:kk]\u049a\u043e\u043d\u0430\u049b \u0430\u0432\u0442\u043e\u0440 \u0431\u043e\u043b\u044b\u04a3\u044b\u0437 \u0436\u04d9\u043d\u0435 \u0431\u0456\u0437\u0433\u0435 \u0436\u0430\u0437\u044b\u04a3\u044b\u0437[:pt]Torne-se um autor convidado e escreva para n\u00f3s[:tr]Konuk Yazar Olun ve Bize Yaz\u0131n[:az]Qonaq M\u00fc\u0259llif ol v\u0259 Bizim \u00fc\u00e7\u00fcn Yaz\u0131n[:trk]Konuk Yazar Olun ve Bize Yaz\u0131n[:] - Mostbet-turkish","robots":{"index":"index","follow":"follow","max-snippet":"max-snippet:-1","max-image-preview":"max-image-preview:large","max-video-preview":"max-video-preview:-1"},"og_locale":"az_AZ","og_type":"article","og_title":"[:ru]\u0421\u0442\u0430\u043d\u044c\u0442\u0435 \u043f\u0440\u0438\u0433\u043b\u0430\u0448\u0435\u043d\u043d\u044b\u043c \u0430\u0432\u0442\u043e\u0440\u043e\u043c \u0438 \u043f\u0438\u0448\u0438\u0442\u0435 \u0434\u043b\u044f \u043d\u0430\u0441[:en]Become a Guest Author and Write for Us[:kk]\u049a\u043e\u043d\u0430\u049b \u0430\u0432\u0442\u043e\u0440 \u0431\u043e\u043b\u044b\u04a3\u044b\u0437 \u0436\u04d9\u043d\u0435 \u0431\u0456\u0437\u0433\u0435 \u0436\u0430\u0437\u044b\u04a3\u044b\u0437[:pt]Torne-se um autor convidado e escreva para n\u00f3s[:tr]Konuk Yazar Olun ve Bize Yaz\u0131n[:az]Qonaq M\u00fc\u0259llif ol v\u0259 Bizim \u00fc\u00e7\u00fcn Yaz\u0131n[:trk]Konuk Yazar Olun ve Bize Yaz\u0131n[:] - Mostbet-turkish","og_description":"Sizi MostbetTurkizz bloquna t\u00f6hf\u0259 verm\u0259y\u0259 v\u0259 qonaq yaz\u0131lar\u0131n\u0131z\u0131 HVAC sisteml\u0259ri, daxili havan\u0131n keyfiyy\u0259ti v\u0259 enerji s\u0259m\u0259r\u0259liliyi il\u0259 maraqlanan y\u00fcks\u0259k h\u0259d\u0259fl\u0259nmi\u015f auditoriyaya t\u0259qdim etm\u0259y\u0259 d\u0259v\u0259t edirik. Qonaq postunu t\u0259qdim etm\u0259k \u00fc\u00e7\u00fcn sad\u0259c\u0259 olaraq \u0259vv\u0259ll\u0259r m\u00fcvafiq m\u0259qal\u0259l\u0259rinizd\u0259n birin\u0259 https:\/\/mostbetturki.com\/ linkini daxil edin v\u0259 biz\u0259 info@mostbetturki.com \u00fcnvan\u0131na yeni yaz\u0131 g\u00f6nd\u0259rin. . MostbetTurkizz \u00fc\u00e7\u00fcn qonaq postu yazmaqda maraql\u0131 oldu\u011funuz [&hellip;]","og_url":"https:\/\/mostbetturki.com\/write-for-us\/","og_site_name":"Mostbet-turkish","article_modified_time":"2023-11-24T14:42:07+00:00","twitter_card":"summary_large_image","twitter_misc":{"Est. reading time":"18 minutes"},"schema":{"@context":"https:\/\/schema.org","@graph":[{"@type":"WebPage","@id":"https:\/\/mostbetturki.com\/write-for-us\/","url":"https:\/\/mostbetturki.com\/write-for-us\/","name":"[:ru]\u0421\u0442\u0430\u043d\u044c\u0442\u0435 \u043f\u0440\u0438\u0433\u043b\u0430\u0448\u0435\u043d\u043d\u044b\u043c \u0430\u0432\u0442\u043e\u0440\u043e\u043c \u0438 \u043f\u0438\u0448\u0438\u0442\u0435 \u0434\u043b\u044f \u043d\u0430\u0441[:en]Become a Guest Author and Write for Us[:kk]\u049a\u043e\u043d\u0430\u049b \u0430\u0432\u0442\u043e\u0440 \u0431\u043e\u043b\u044b\u04a3\u044b\u0437 \u0436\u04d9\u043d\u0435 \u0431\u0456\u0437\u0433\u0435 \u0436\u0430\u0437\u044b\u04a3\u044b\u0437[:pt]Torne-se um autor convidado e escreva para n\u00f3s[:tr]Konuk Yazar Olun ve Bize Yaz\u0131n[:az]Qonaq M\u00fc\u0259llif ol v\u0259 Bizim \u00fc\u00e7\u00fcn Yaz\u0131n[:trk]Konuk Yazar Olun ve Bize Yaz\u0131n[:] - Mostbet-turkish","isPartOf":{"@id":"https:\/\/mostbetturki.com\/#website"},"datePublished":"2023-11-24T14:33:48+00:00","dateModified":"2023-11-24T14:42:07+00:00","breadcrumb":{"@id":"https:\/\/mostbetturki.com\/write-for-us\/#breadcrumb"},"inLanguage":"az-AZ","potentialAction":[{"@type":"ReadAction","target":["https:\/\/mostbetturki.com\/write-for-us\/"]}]},{"@type":"BreadcrumbList","@id":"https:\/\/mostbetturki.com\/write-for-us\/#breadcrumb","itemListElement":[{"@type":"ListItem","position":1,"name":"Anasayfa","item":"https:\/\/mostbetturki.com\/"},{"@type":"ListItem","position":2,"name":"Konuk Yazar Olun ve Bize Yaz\u0131n"}]},{"@type":"WebSite","@id":"https:\/\/mostbetturki.com\/#website","url":"https:\/\/mostbetturki.com\/","name":"Mostbet-turkish","description":"","potentialAction":[{"@type":"SearchAction","target":{"@type":"EntryPoint","urlTemplate":"https:\/\/mostbetturki.com\/?s={search_term_string}"},"query-input":"required name=search_term_string"}],"inLanguage":"az-AZ"}]}},"_links":{"self":[{"href":"https:\/\/mostbetturki.com\/az\/wp-json\/wp\/v2\/pages\/4284","targetHints":{"allow":["GET"]}}],"collection":[{"href":"https:\/\/mostbetturki.com\/az\/wp-json\/wp\/v2\/pages"}],"about":[{"href":"https:\/\/mostbetturki.com\/az\/wp-json\/wp\/v2\/types\/page"}],"author":[{"embeddable":true,"href":"https:\/\/mostbetturki.com\/az\/wp-json\/wp\/v2\/users\/1"}],"replies":[{"embeddable":true,"href":"https:\/\/mostbetturki.com\/az\/wp-json\/wp\/v2\/comments?post=4284"}],"version-history":[{"count":3,"href":"https:\/\/mostbetturki.com\/az\/wp-json\/wp\/v2\/pages\/4284\/revisions"}],"predecessor-version":[{"id":4293,"href":"https:\/\/mostbetturki.com\/az\/wp-json\/wp\/v2\/pages\/4284\/revisions\/4293"}],"wp:attachment":[{"href":"https:\/\/mostbetturki.com\/az\/wp-json\/wp\/v2\/media?parent=4284"}],"curies":[{"name":"wp","href":"https:\/\/api.w.org\/{rel}","templated":true}]}}